{"id":105,"date":"2018-05-17T14:22:26","date_gmt":"2018-05-17T12:22:26","guid":{"rendered":"http:\/\/localhost\/wordpress\/?page_id=105"},"modified":"2025-03-04T13:19:22","modified_gmt":"2025-03-04T13:19:22","slug":"permis-a2","status":"publish","type":"page","link":"https:\/\/auto-ecole-loiret.com\/?page_id=105","title":{"rendered":"Permis A2"},"content":{"rendered":"<p>D\u00e8s 18 ans , passez votre permis A2 pour conduire une motocyclette avec ou sans side-car d&rsquo;une puissance ne d\u00e9passant pas 35 Kw et d&rsquo;un rapport poids\/puissance ne d\u00e9passant pas 0,2 Kw\/Kg.<\/p>\n<p>Depuis le 3 juin 2016, les candidats au permis moto (y compris les plus de 24 ans) doivent obligatoirement passer le permis A2 avant d&rsquo;effectuer, 2 ans plus tard, une formation compl\u00e9mentaire de 7 heures qui leur donne le droit de conduire une moto de la cat\u00e9gorie A, d&rsquo;une puissance sup\u00e9rieur \u00e0 35 Kw.<\/p>\n<p><strong>Pour la formation \u00ab hors circulation \u00bb ou plus fr\u00e9quemment appel\u00e9e \u00ab plateau \u00bb, nous disposons d\u2019une piste priv\u00e9e \u00a0(situ\u00e9e \u00e0 15 km &#8211; 15\/20 minutes de l\u2019agence) au 1625 route de Sandillon \u00e0 Saint Denis en Val. Nous mettons\u00a0 \u00e0 votre disposition des toilettes et un local pour votre confort. Vous b\u00e9n\u00e9ficiez \u00e9galement d&rsquo;un parking priv\u00e9 gratuit.<br \/>\n<\/strong><\/p>\n<h3>Le Code ou Epreuve Th\u00e9orique Moto\u2026<\/h3>\n<p>Imm\u00e9diatement apr\u00e8s votre inscription dans notre auto-\u00e9cole, vous allez vous consacrer \u00e0 l\u2019apprentissage du code de la route Moto, afin de pouvoir vous pr\u00e9senter \u00e0 l\u2019examen et de le passer avec succ\u00e8s, c\u2019est-\u00e0-dire avec un score inf\u00e9rieur ou \u00e9gal \u00e0 5 fautes sur 40.<br \/>\nNotre forfait cours de code illimit\u00e9s vous permet l\u2019apprentissage de la r\u00e9glementation routi\u00e8re et des comportements par le biais de cours sp\u00e9cifiques destin\u00e9s \u00e0 vous faire ma\u00eetriser les diff\u00e9rents points qu\u2019il est essentiel de conna\u00eetre (signalisation, priorit\u00e9s, croisements et d\u00e9passements, conduite sur autoroute, v\u00e9hicule et conducteur\u2026) et de vous entra\u00eener sur des s\u00e9ries type examen de 40 questions avec correction p\u00e9dagogique et des s\u00e9ries th\u00e9matiques de 20 questions (stationnements, visibilit\u00e9 et \u00e9clairage, r\u00e8gles de circulation, notions pratiques\u2026), sp\u00e9cifiquement cibl\u00e9es pour vous permettre d\u2019am\u00e9liorer vos points faibles.<\/p>\n<h3>La Formation Pratique&#8230;<\/h3>\n<p>La formation pratique se fait sur un v\u00e9hicule avec un enseignant dipl\u00f4m\u00e9 d\u2019une autorisation d\u2019enseigner.<\/p>\n<p>Elle porte sur 4 comp\u00e9tences du REMC qui doivent \u00eatre enseign\u00e9es et acquises \u00e0 la fin de la formation pour pr\u00e9tendre \u00e0 passer son permis de conduire.<\/p>\n<p><strong><em><u>Les 4 comp\u00e9tences sont\u00a0:<\/u><\/em><\/strong><\/p>\n<ol>\n<li>Ma\u00eetriser le maniement de la moto \u00e0 vitesse r\u00e9duite et \u00e0 vitesse plus \u00e9lev\u00e9e, hors circulation\u00a0;<\/li>\n<li>Appr\u00e9hender la route et circuler dans des conditions normales\u00a0;<\/li>\n<li>Circuler dans des conditions difficiles et partager la route avec les autres usagers\u00a0;<\/li>\n<\/ol>\n<p>Pratiquer une conduite autonome, s\u00fbre et \u00e9conomique.<\/p>\n<p><u><\/u><strong><em><u>Chaque comp\u00e9tences et sous \u2013 comp\u00e9tences seront trait\u00e9es en abordant les points suivants avec l\u2019\u00e9l\u00e8ve :<\/u><\/em><\/strong><\/p>\n<ol>\n<li>Le pourquoi\u00a0;<\/li>\n<li>Le comment\u00a0;<\/li>\n<li>Le risque\u00a0;<\/li>\n<li>Les influences de son entourage et de son mode vie\u00a0;<\/li>\n<li>Les pressions exerc\u00e9es par la soci\u00e9t\u00e9\u00a0: publicit\u00e9, travail, loisirs\u2026\u00a0;<\/li>\n<li>L\u2019auto -\u00e9valuation<\/li>\n<\/ol>\n<hr \/>\n<h2><\/h2>\n<h2>Pi\u00e8ces \u00e0 fournir \u00e0 l&rsquo;inscription :<\/h2>\n<ul>\n<li>Carte d&rsquo;identit\u00e9 (en cours de validit\u00e9) ou titre de s\u00e9jour pour \u00e9trangers<\/li>\n<li>Attestation de recensement<\/li>\n<li>Attestation de la Journ\u00e9e D\u00e9fense et Citoyennet\u00e9<\/li>\n<li>Permis de conduire<\/li>\n<li>4 photos d\u2019identit\u00e9s aux normes ANTS avec signature \u00e9lectronique<\/li>\n<li>Justificatif de domicile de moins de 6 mois (Facture t\u00e9l\u00e9phonique, EDF, GDF, quittance de loyer&#8230;)<\/li>\n<li>Attestation d&rsquo;h\u00e9bergement (document fourni par l&rsquo;auto-\u00e9cole)<\/li>\n<\/ul>\n<hr \/>\n<h2><\/h2>\n<h2>Forfait A2 (sans ETM) :\u00a0 \u00a0\u00a0 890\u20ac<\/h2>\n<h5>(Base minimale obligatoire)<\/h5>\n<ul>\n<li>Frais d&rsquo;inscription<\/li>\n<li>Fournitures p\u00e9dagogiques<\/li>\n<li>Formation de 20 heures plateau et circulation (8 heures plateau et 12 heures en circulation)<\/li>\n<li>Frais d&rsquo;accompagnement \u00e0 l&rsquo;examen plateau<\/li>\n<li>Frais d&rsquo;accompagnement \u00e0 l&rsquo;examen circulation<\/li>\n<\/ul>\n<hr \/>\n<h3><\/h3>\n<h3>Equipement \u00e0 pr\u00e9voir pour la formation :<\/h3>\n<ul>\n<li>Casque homologu\u00e9 \/ Gants NF ou CE<\/li>\n<li>Chaussures ferm\u00e9es<\/li>\n<li>Blouson manches longues<\/li>\n<li>Pantalon style jean (pas de surv\u00eatement)<\/li>\n<\/ul>\n","protected":false},"excerpt":{"rendered":"<p>D\u00e8s 18 ans , passez votre permis A2 pour conduire une motocyclette avec ou sans side-car d&rsquo;une puissance ne d\u00e9passant pas 35 Kw et d&rsquo;un rapport poids\/puissance ne d\u00e9passant pas 0,2 Kw\/Kg. Depuis le 3 juin 2016, les candidats au permis moto (y compris les plus de 24 ans) doivent obligatoirement passer le permis A2 [&hellip;]<\/p>\n","protected":false},"author":3,"featured_media":0,"parent":0,"menu_order":0,"comment_status":"closed","ping_status":"closed","template":"","meta":{"footnotes":""},"_links":{"self":[{"href":"https:\/\/auto-ecole-loiret.com\/index.php?rest_route=\/wp\/v2\/pages\/105"}],"collection":[{"href":"https:\/\/auto-ecole-loiret.com\/index.php?rest_route=\/wp\/v2\/pages"}],"about":[{"href":"https:\/\/auto-ecole-loiret.com\/index.php?rest_route=\/wp\/v2\/types\/page"}],"author":[{"embeddable":true,"href":"https:\/\/auto-ecole-loiret.com\/index.php?rest_route=\/wp\/v2\/users\/3"}],"replies":[{"embeddable":true,"href":"https:\/\/auto-ecole-loiret.com\/index.php?rest_route=%2Fwp%2Fv2%2Fcomments&post=105"}],"version-history":[{"count":20,"href":"https:\/\/auto-ecole-loiret.com\/index.php?rest_route=\/wp\/v2\/pages\/105\/revisions"}],"predecessor-version":[{"id":1190,"href":"https:\/\/auto-ecole-loiret.com\/index.php?rest_route=\/wp\/v2\/pages\/105\/revisions\/1190"}],"wp:attachment":[{"href":"https:\/\/auto-ecole-loiret.com\/index.php?rest_route=%2Fwp%2Fv2%2Fmedia&parent=105"}],"curies":[{"name":"wp","href":"https:\/\/api.w.org\/{rel}","templated":true}]}}