{"id":107,"date":"2018-05-17T14:22:39","date_gmt":"2018-05-17T12:22:39","guid":{"rendered":"http:\/\/localhost\/wordpress\/?page_id=107"},"modified":"2025-03-04T13:14:54","modified_gmt":"2025-03-04T13:14:54","slug":"passerelle-a2-vers-a","status":"publish","type":"page","link":"https:\/\/auto-ecole-loiret.com\/?page_id=107","title":{"rendered":"Passerelle A2 vers A"},"content":{"rendered":"<p>La cat\u00e9gorie du permis A permet la conduite de motos de grosses cylindr\u00e9es sans limitation de puissance ni de cylindr\u00e9e avec ou sans side-car.<\/p>\n<p>Le conducteur doit \u00eatre titulaire du permis A2 depuis plus de 2 ans, et il doit suivre une <strong>formation de 7 heures (passerelle)<\/strong> pour obtenir le permis A.<\/p>\n<p><strong>Pour la formation \u00ab hors circulation \u00bb ou plus fr\u00e9quemment appel\u00e9e \u00ab plateau \u00bb, nous disposons d\u2019une piste priv\u00e9e \u00a0(situ\u00e9e \u00e0 15 km &#8211; 15\/20 minutes de l\u2019agence) au 1625 route de Sandillon \u00e0 Saint Denis en Val. Nous mettons\u00a0 \u00e0 votre disposition des toilettes et un local pour votre confort. Vous b\u00e9n\u00e9ficiez \u00e9galement d&rsquo;un parking priv\u00e9 gratuit pour les \u00e9l\u00e8ves moto, remorque, venant par leur propre moyens.<br \/>\n<\/strong><\/p>\n<hr \/>\n<h2>Pi\u00e8ces \u00e0 fournir \u00e0 l&rsquo;inscription :<\/h2>\n<ul>\n<li>Carte d&rsquo;identit\u00e9 (en cours de validit\u00e9) ou titre de s\u00e9jour pour \u00e9trangers<\/li>\n<li>Attestation de recensement<\/li>\n<li>Attestation de la Journ\u00e9e D\u00e9fense et Citoyennet\u00e9<\/li>\n<li>Permis de conduire<\/li>\n<li>4 photos d\u2019identit\u00e9s aux normes ANTS avec signature \u00e9lectronique<\/li>\n<li>Justificatif de domicile de moins de 6 mois (Facture t\u00e9l\u00e9phonique, EDF, GDF, quittance de loyer&#8230;)<\/li>\n<li>Attestation d&rsquo;h\u00e9bergement (document fourni par l&rsquo;auto-\u00e9cole)<\/li>\n<\/ul>\n<hr \/>\n<h2>Passerelle A2 vers A :\u00a0 \u00a0\u00a0 349 \u20ac<\/h2>\n<h5>(Base minimale obligatoire)<\/h5>\n<ul>\n<li>2 x 2 heures de plateau sur piste<\/li>\n<li>3 heures de circulation<\/li>\n<\/ul>\n<hr \/>\n<h3>Equipement \u00e0 pr\u00e9voir pour la formation :<\/h3>\n<ul>\n<li>Casque homologu\u00e9 \/ Gants NF ou CE<\/li>\n<li>Chaussures ferm\u00e9es<\/li>\n<li>Blouson manches longues<\/li>\n<li>Pantalon style jean (pas de surv\u00eatement)<\/li>\n<\/ul>\n","protected":false},"excerpt":{"rendered":"<p>La cat\u00e9gorie du permis A permet la conduite de motos de grosses cylindr\u00e9es sans limitation de puissance ni de cylindr\u00e9e avec ou sans side-car. Le conducteur doit \u00eatre titulaire du permis A2 depuis plus de 2 ans, et il doit suivre une formation de 7 heures (passerelle) pour obtenir le permis A. Pour la formation [&hellip;]<\/p>\n","protected":false},"author":3,"featured_media":0,"parent":0,"menu_order":0,"comment_status":"closed","ping_status":"closed","template":"","meta":{"footnotes":""},"_links":{"self":[{"href":"https:\/\/auto-ecole-loiret.com\/index.php?rest_route=\/wp\/v2\/pages\/107"}],"collection":[{"href":"https:\/\/auto-ecole-loiret.com\/index.php?rest_route=\/wp\/v2\/pages"}],"about":[{"href":"https:\/\/auto-ecole-loiret.com\/index.php?rest_route=\/wp\/v2\/types\/page"}],"author":[{"embeddable":true,"href":"https:\/\/auto-ecole-loiret.com\/index.php?rest_route=\/wp\/v2\/users\/3"}],"replies":[{"embeddable":true,"href":"https:\/\/auto-ecole-loiret.com\/index.php?rest_route=%2Fwp%2Fv2%2Fcomments&post=107"}],"version-history":[{"count":18,"href":"https:\/\/auto-ecole-loiret.com\/index.php?rest_route=\/wp\/v2\/pages\/107\/revisions"}],"predecessor-version":[{"id":1184,"href":"https:\/\/auto-ecole-loiret.com\/index.php?rest_route=\/wp\/v2\/pages\/107\/revisions\/1184"}],"wp:attachment":[{"href":"https:\/\/auto-ecole-loiret.com\/index.php?rest_route=%2Fwp%2Fv2%2Fmedia&parent=107"}],"curies":[{"name":"wp","href":"https:\/\/api.w.org\/{rel}","templated":true}]}}