{"id":1073,"date":"2022-05-06T13:46:26","date_gmt":"2022-05-06T13:46:26","guid":{"rendered":"https:\/\/auto-ecole-loiret.com\/?page_id=1073"},"modified":"2022-05-06T14:38:42","modified_gmt":"2022-05-06T14:38:42","slug":"permis-1e-par-jour","status":"publish","type":"page","link":"https:\/\/auto-ecole-loiret.com\/?page_id=1073","title":{"rendered":"Permis 1\u20ac par jour"},"content":{"rendered":"\n<p>Pour les jeunes de moins de 26 ans qui souhaitent passer le permis de conduire, l\u2019Etat \u00e0 mis en place le permis \u00e0 1\u20ac\/jour. Il permet de passer le permis de conduire cat\u00e9gories A et B. Cette opportunit\u00e9 ne s\u2019adresse qu\u2019aux jeunes de 15 \u00e0 25 ans r\u00e9volus candidats pour la premi\u00e8re fois \u00e0 l\u2019obtention du permis de conduire.<\/p>\n\n\n\n<p>Il s\u2019agit d\u2019un pr\u00eat pouvant \u00eatre formul\u00e9 sous trois formes : 800\u20ac, 1000\u20ac, 1200\u20ac (sans d\u00e9passer le montant inscrit dans le contrat). Vous ne rembourser qu\u2019un euro par jour, sans int\u00e9r\u00eat et vous ne payer pas de frais de dossier.<\/p>\n\n\n\n<p>Apr\u00e8s avoir d\u00e9terminer le nombre d\u2019heures pr\u00e9visionnelles n\u00e9cessaires, l\u2019auto-\u00e9cole \u00e9tablit un devis et un contrat pour la formation au permis de conduire. Ce contrat servira \u00e0 formuler la demande de pr\u00eat aupr\u00e8s de l\u2019\u00e9tablissement bancaire. Le remboursement commence d\u00e8s que la somme est d\u00e9bloqu\u00e9e.<\/p>\n\n\n\n<h1 class=\"wp-block-heading\"><strong>\u200b<\/strong><\/h1>\n\n\n\n<div class=\"wp-block-image\"><figure class=\"aligncenter size-full\"><img loading=\"lazy\" decoding=\"async\" width=\"600\" height=\"479\" src=\"https:\/\/auto-ecole-loiret.com\/wp-content\/uploads\/2018\/06\/permisuneuro.jpg\" alt=\"\" class=\"wp-image-507\" srcset=\"https:\/\/auto-ecole-loiret.com\/wp-content\/uploads\/2018\/06\/permisuneuro.jpg 600w, https:\/\/auto-ecole-loiret.com\/wp-content\/uploads\/2018\/06\/permisuneuro-300x240.jpg 300w\" sizes=\"(max-width: 600px) 100vw, 600px\" \/><\/figure><\/div>\n\n\n\n<h1 class=\"wp-block-heading\"><strong>\u200b<\/strong><\/h1>\n","protected":false},"excerpt":{"rendered":"<p>Pour les jeunes de moins de 26 ans qui souhaitent passer le permis de conduire, l\u2019Etat \u00e0 mis en place le permis \u00e0 1\u20ac\/jour. Il permet de passer le permis de conduire cat\u00e9gories A et B. Cette opportunit\u00e9 ne s\u2019adresse qu\u2019aux jeunes de 15 \u00e0 25 ans r\u00e9volus candidats pour la premi\u00e8re fois \u00e0 l\u2019obtention [&hellip;]<\/p>\n","protected":false},"author":3,"featured_media":0,"parent":0,"menu_order":0,"comment_status":"closed","ping_status":"closed","template":"","meta":{"footnotes":""},"_links":{"self":[{"href":"https:\/\/auto-ecole-loiret.com\/index.php?rest_route=\/wp\/v2\/pages\/1073"}],"collection":[{"href":"https:\/\/auto-ecole-loiret.com\/index.php?rest_route=\/wp\/v2\/pages"}],"about":[{"href":"https:\/\/auto-ecole-loiret.com\/index.php?rest_route=\/wp\/v2\/types\/page"}],"author":[{"embeddable":true,"href":"https:\/\/auto-ecole-loiret.com\/index.php?rest_route=\/wp\/v2\/users\/3"}],"replies":[{"embeddable":true,"href":"https:\/\/auto-ecole-loiret.com\/index.php?rest_route=%2Fwp%2Fv2%2Fcomments&post=1073"}],"version-history":[{"count":5,"href":"https:\/\/auto-ecole-loiret.com\/index.php?rest_route=\/wp\/v2\/pages\/1073\/revisions"}],"predecessor-version":[{"id":1108,"href":"https:\/\/auto-ecole-loiret.com\/index.php?rest_route=\/wp\/v2\/pages\/1073\/revisions\/1108"}],"wp:attachment":[{"href":"https:\/\/auto-ecole-loiret.com\/index.php?rest_route=%2Fwp%2Fv2%2Fmedia&parent=1073"}],"curies":[{"name":"wp","href":"https:\/\/api.w.org\/{rel}","templated":true}]}}