{"id":1094,"date":"2022-05-06T14:16:50","date_gmt":"2022-05-06T14:16:50","guid":{"rendered":"https:\/\/auto-ecole-loiret.com\/?page_id=1094"},"modified":"2026-03-04T09:47:39","modified_gmt":"2026-03-04T09:47:39","slug":"aide-pour-les-apprentis","status":"publish","type":"page","link":"https:\/\/auto-ecole-loiret.com\/?page_id=1094","title":{"rendered":"Aide pour les apprentis"},"content":{"rendered":"\n<p>Vous avec plus de 18 ans, \u00eates apprenti dans une entreprise et souhaitez pr\u00e9parer le permis B ? Si vous remplissez ces 3 conditions, sachez que vous pouvez b\u00e9n\u00e9ficier d&rsquo;une aide de 500 \u20ac pour financer votre permis de conduire !<\/p>\n\n\n\n<p>Pour cela vous devez transmettre un demande d&rsquo;aide \u00e0 votre centre de formation d&rsquo;apprentis (CFA) avec les documents suivants :<\/p>\n\n\n\n<ul>\n<li>le <a href=\"https:\/\/www.service-public.fr\/particuliers\/vosdroits\/R53394\" target=\"_blank\" rel=\"noreferrer noopener\">formulaire de demande d&rsquo;aide<\/a> renseign\u00e9 et sign\u00e9<\/li>\n\n\n\n<li>une copie recto-verso d&rsquo;une pi\u00e8ce d&rsquo;identit\u00e9 (carte nationale d&rsquo;identit\u00e9, passeport ou titre de s\u00e9jour en cours de validit\u00e9)&nbsp;&nbsp;&nbsp;<\/li>\n\n\n\n<li>une copie d&rsquo;un devis ou d&rsquo;une facture de l&rsquo;\u00e9cole de conduite datant de moins d&rsquo;un an<\/li>\n\n\n\n<li>un RIB, si vous souhaitez que l&rsquo;aide soit directement vers\u00e9e sur votre compte.<\/li>\n<\/ul>\n\n\n\n<p>\u00c0 savoir :<\/p>\n\n\n\n<h2 class=\"wp-block-heading\"><strong>Suppression de l\u2019aide de 500\u20ac pour les apprentis<\/strong><\/h2>\n\n\n\n<h3 class=\"wp-block-heading\"><strong>Historique et nouvelles mesures<\/strong><\/h3>\n\n\n\n<p>Depuis 2019, les apprentis \u00e2g\u00e9s d\u2019au moins 18 ans pouvaient b\u00e9n\u00e9ficier d\u2019une aide forfaitaire nationale de 500 \u20ac, vers\u00e9e par leur centre de formation (CFA) ou directement \u00e0 l\u2019auto-\u00e9cole via l\u2019ASP, pour financer tout ou partie des frais de formation au permis B.<strong> Avec la loi de finances 2026, cette aide est supprim\u00e9e pour les contrats sign\u00e9s \u00e0 partir de 2026.<\/strong><\/p>\n\n\n\n<p><\/p>\n","protected":false},"excerpt":{"rendered":"<p>Vous avec plus de 18 ans, \u00eates apprenti dans une entreprise et souhaitez pr\u00e9parer le permis B ? Si vous remplissez ces 3 conditions, sachez que vous pouvez b\u00e9n\u00e9ficier d&rsquo;une aide de 500 \u20ac pour financer votre permis de conduire ! Pour cela vous devez transmettre un demande d&rsquo;aide \u00e0 votre centre de formation d&rsquo;apprentis [&hellip;]<\/p>\n","protected":false},"author":4,"featured_media":0,"parent":0,"menu_order":0,"comment_status":"closed","ping_status":"closed","template":"","meta":{"footnotes":""},"_links":{"self":[{"href":"https:\/\/auto-ecole-loiret.com\/index.php?rest_route=\/wp\/v2\/pages\/1094"}],"collection":[{"href":"https:\/\/auto-ecole-loiret.com\/index.php?rest_route=\/wp\/v2\/pages"}],"about":[{"href":"https:\/\/auto-ecole-loiret.com\/index.php?rest_route=\/wp\/v2\/types\/page"}],"author":[{"embeddable":true,"href":"https:\/\/auto-ecole-loiret.com\/index.php?rest_route=\/wp\/v2\/users\/4"}],"replies":[{"embeddable":true,"href":"https:\/\/auto-ecole-loiret.com\/index.php?rest_route=%2Fwp%2Fv2%2Fcomments&post=1094"}],"version-history":[{"count":3,"href":"https:\/\/auto-ecole-loiret.com\/index.php?rest_route=\/wp\/v2\/pages\/1094\/revisions"}],"predecessor-version":[{"id":1220,"href":"https:\/\/auto-ecole-loiret.com\/index.php?rest_route=\/wp\/v2\/pages\/1094\/revisions\/1220"}],"wp:attachment":[{"href":"https:\/\/auto-ecole-loiret.com\/index.php?rest_route=%2Fwp%2Fv2%2Fmedia&parent=1094"}],"curies":[{"name":"wp","href":"https:\/\/api.w.org\/{rel}","templated":true}]}}