{"id":1097,"date":"2022-05-06T14:20:15","date_gmt":"2022-05-06T14:20:15","guid":{"rendered":"https:\/\/auto-ecole-loiret.com\/?page_id=1097"},"modified":"2024-07-07T16:48:34","modified_gmt":"2024-07-07T16:48:34","slug":"conduite-et-handicap","status":"publish","type":"page","link":"https:\/\/auto-ecole-loiret.com\/?page_id=1097","title":{"rendered":"Conduite et handicap"},"content":{"rendered":"\n<p>La conduite automobile est une activit\u00e9 exigeante en mati\u00e8re de s\u00e9curit\u00e9, pour soi et pour les autres. Elle requiert du conducteur qu\u2019il soit juridiquement et physiquement apte.<br>Pour autant, cette condition n\u2019exclut pas les personnes \u00e0 mobilit\u00e9 r\u00e9duite ou en situation de handicap de la pratique de la conduite.<\/p>\n\n\n\n<p>Cette activit\u00e9 est primordiale pour la pr\u00e9servation de leur ind\u00e9pendance.<\/p>\n\n\n\n<p>\u200b<\/p>\n\n\n\n<p>Notre \u00e9tablissement n&rsquo;est pas sp\u00e9cialis\u00e9 dans l&rsquo;accueil des personnes en situation de handicap, toutefois nous saurons vous renseigner et vous orienter vers des \u00e9tablissements sp\u00e9cialis\u00e9s.<\/p>\n\n\n\n<div class=\"wp-block-image\"><figure class=\"aligncenter size-full\"><img loading=\"lazy\" decoding=\"async\" width=\"600\" height=\"400\" src=\"https:\/\/auto-ecole-loiret.com\/wp-content\/uploads\/2022\/05\/6a00d834529bc369e201b7c89f0e75970b-800wi.jpg\" alt=\"\" class=\"wp-image-1098\" srcset=\"https:\/\/auto-ecole-loiret.com\/wp-content\/uploads\/2022\/05\/6a00d834529bc369e201b7c89f0e75970b-800wi.jpg 600w, https:\/\/auto-ecole-loiret.com\/wp-content\/uploads\/2022\/05\/6a00d834529bc369e201b7c89f0e75970b-800wi-300x200.jpg 300w\" sizes=\"(max-width: 600px) 100vw, 600px\" \/><\/figure><\/div>\n","protected":false},"excerpt":{"rendered":"<p>La conduite automobile est une activit\u00e9 exigeante en mati\u00e8re de s\u00e9curit\u00e9, pour soi et pour les autres. Elle requiert du conducteur qu\u2019il soit juridiquement et physiquement apte.Pour autant, cette condition n\u2019exclut pas les personnes \u00e0 mobilit\u00e9 r\u00e9duite ou en situation de handicap de la pratique de la conduite. Cette activit\u00e9 est primordiale pour la pr\u00e9servation [&hellip;]<\/p>\n","protected":false},"author":4,"featured_media":0,"parent":0,"menu_order":0,"comment_status":"closed","ping_status":"closed","template":"","meta":{"footnotes":""},"_links":{"self":[{"href":"https:\/\/auto-ecole-loiret.com\/index.php?rest_route=\/wp\/v2\/pages\/1097"}],"collection":[{"href":"https:\/\/auto-ecole-loiret.com\/index.php?rest_route=\/wp\/v2\/pages"}],"about":[{"href":"https:\/\/auto-ecole-loiret.com\/index.php?rest_route=\/wp\/v2\/types\/page"}],"author":[{"embeddable":true,"href":"https:\/\/auto-ecole-loiret.com\/index.php?rest_route=\/wp\/v2\/users\/4"}],"replies":[{"embeddable":true,"href":"https:\/\/auto-ecole-loiret.com\/index.php?rest_route=%2Fwp%2Fv2%2Fcomments&post=1097"}],"version-history":[{"count":1,"href":"https:\/\/auto-ecole-loiret.com\/index.php?rest_route=\/wp\/v2\/pages\/1097\/revisions"}],"predecessor-version":[{"id":1099,"href":"https:\/\/auto-ecole-loiret.com\/index.php?rest_route=\/wp\/v2\/pages\/1097\/revisions\/1099"}],"wp:attachment":[{"href":"https:\/\/auto-ecole-loiret.com\/index.php?rest_route=%2Fwp%2Fv2%2Fmedia&parent=1097"}],"curies":[{"name":"wp","href":"https:\/\/api.w.org\/{rel}","templated":true}]}}