{"id":111,"date":"2018-05-17T14:23:07","date_gmt":"2018-05-17T12:23:07","guid":{"rendered":"http:\/\/localhost\/wordpress\/?page_id=111"},"modified":"2018-06-12T08:58:45","modified_gmt":"2018-06-12T08:58:45","slug":"permis-a-1e","status":"publish","type":"page","link":"https:\/\/auto-ecole-loiret.com\/?page_id=111","title":{"rendered":"Permis \u00e0 1\u20ac"},"content":{"rendered":"<h3>Pour les jeunes de moins de 26 ans qui souhaitent passer le permis de conduire, l&rsquo;Etat \u00e0 mis en place le permis \u00e0 1\u20ac\/jour. Il permet de passer le permis de conduire cat\u00e9gories A et B. Cette opportunit\u00e9 ne s&rsquo;adresse qu&rsquo;aux <strong>jeunes de 15 \u00e0 25 ans<\/strong> r\u00e9volus candidats pour la premi\u00e8re fois \u00e0 l&rsquo;obtention du permis de conduire.<\/h3>\n<h3>Il s&rsquo;agit d&rsquo;un pr\u00eat pouvant \u00eatre formul\u00e9 sous trois formes : <strong>800\u20ac, 1000\u20ac, 1200\u20ac<\/strong> (sans d\u00e9passer le montant inscrit dans le contrat). Vous ne rembourser q&rsquo;un euro par jour, sans int\u00e9r\u00eat et vous ne payer pas de frais de dossier.<\/h3>\n<h3>Apr\u00e8s avoir d\u00e9terminer le nombre d&rsquo;heures pr\u00e9visionnelles n\u00e9cessaires, l&rsquo;auto-\u00e9cole \u00e9tablit un devis et un contrat pour la formation au permis de conduire. Ce contrat servira \u00e0 formuler la demande de pr\u00eat aupr\u00e8s de l\u2019\u00e9tablissement bancaire. Le remboursement commence d\u00e8s que la somme est d\u00e9bloqu\u00e9e.<\/h3>\n<p>&nbsp;<\/p>\n<aside id=\"media_image-20\" class=\"widget widget_media_image amr_widget\"><img loading=\"lazy\" decoding=\"async\" width=\"200\" height=\"160\" src=\"https:\/\/auto-ecole-loiret.com\/wp-content\/uploads\/2018\/06\/permisuneuro-300x240.jpg\" class=\"image wp-image-507  attachment-200x160 size-200x160\" alt=\"\" style=\"max-width: 100%; height: auto;\" srcset=\"https:\/\/auto-ecole-loiret.com\/wp-content\/uploads\/2018\/06\/permisuneuro-300x240.jpg 300w, https:\/\/auto-ecole-loiret.com\/wp-content\/uploads\/2018\/06\/permisuneuro.jpg 600w\" sizes=\"(max-width: 200px) 100vw, 200px\" \/><\/aside>\n","protected":false},"excerpt":{"rendered":"<p>Pour les jeunes de moins de 26 ans qui souhaitent passer le permis de conduire, l&rsquo;Etat \u00e0 mis en place le permis \u00e0 1\u20ac\/jour. Il permet de passer le permis de conduire cat\u00e9gories A et B. Cette opportunit\u00e9 ne s&rsquo;adresse qu&rsquo;aux jeunes de 15 \u00e0 25 ans r\u00e9volus candidats pour la premi\u00e8re fois \u00e0 l&rsquo;obtention [&hellip;]<\/p>\n","protected":false},"author":3,"featured_media":0,"parent":0,"menu_order":0,"comment_status":"closed","ping_status":"closed","template":"","meta":{"footnotes":""},"_links":{"self":[{"href":"https:\/\/auto-ecole-loiret.com\/index.php?rest_route=\/wp\/v2\/pages\/111"}],"collection":[{"href":"https:\/\/auto-ecole-loiret.com\/index.php?rest_route=\/wp\/v2\/pages"}],"about":[{"href":"https:\/\/auto-ecole-loiret.com\/index.php?rest_route=\/wp\/v2\/types\/page"}],"author":[{"embeddable":true,"href":"https:\/\/auto-ecole-loiret.com\/index.php?rest_route=\/wp\/v2\/users\/3"}],"replies":[{"embeddable":true,"href":"https:\/\/auto-ecole-loiret.com\/index.php?rest_route=%2Fwp%2Fv2%2Fcomments&post=111"}],"version-history":[{"count":21,"href":"https:\/\/auto-ecole-loiret.com\/index.php?rest_route=\/wp\/v2\/pages\/111\/revisions"}],"predecessor-version":[{"id":599,"href":"https:\/\/auto-ecole-loiret.com\/index.php?rest_route=\/wp\/v2\/pages\/111\/revisions\/599"}],"wp:attachment":[{"href":"https:\/\/auto-ecole-loiret.com\/index.php?rest_route=%2Fwp%2Fv2%2Fmedia&parent=111"}],"curies":[{"name":"wp","href":"https:\/\/api.w.org\/{rel}","templated":true}]}}