{"id":134,"date":"2018-05-17T12:29:25","date_gmt":"2018-05-17T10:29:25","guid":{"rendered":"http:\/\/localhost\/wordpress\/home\/"},"modified":"2026-01-28T09:50:35","modified_gmt":"2026-01-28T09:50:35","slug":"home","status":"publish","type":"page","link":"https:\/\/auto-ecole-loiret.com\/","title":{"rendered":"Accueil"},"content":{"rendered":"\n<p>L&rsquo; \u00e9cole de conduite C-Permis , situ\u00e9e \u00e0 Saint Denis de l&rsquo;H\u00f4tel depuis 2013&nbsp;vous propose un enseignement de qualit\u00e9 pour obtenir votre <strong>permis de conduire<\/strong> dans les meilleures conditions. Apprenez \u00e0 conduire en toute s\u00e9curit\u00e9 et sensibilisez-vous aux dangers de la route, encadr\u00e9 par des moniteurs dipl\u00f4m\u00e9s d&rsquo;\u00e9tat.<\/p>\n\n\n\n<p>Notre \u00e9quipe dynamique et s\u00e9rieuse vous accueille dans une ambiance chaleureuse et familiale\u00a0 et vous propose la formation au code de la route, au permis B ( bo\u00eete manuelle et bo\u00eete automatique ), conduite accompagn\u00e9e, conduite supervis\u00e9e ainsi qu&rsquo;au permis moto, permis remorque et formation AM (ancien BSR). Disponibles et \u00e0 l&rsquo;\u00e9coute de nos \u00e9l\u00e8ves, nous nous adaptons \u00e0 vos besoins en vous accompagnant du d\u00e9but \u00e0 la fin de votre apprentissage avec des conseils personnalis\u00e9s.<\/p>\n\n\n\n<p>Notre objectif : votre satisfaction et votre r\u00e9ussite !<\/p>\n\n\n\n<p>Pour tout renseignements, n&rsquo;h\u00e9sitez pas \u00e0 nous contacter au 02 38 59 99 54 ou rendez-nous visite !<\/p>\n\n\n\n<h2 class=\"wp-block-heading\"><span style=\"color: #333333;\">Actualit\u00e9s : <\/span><\/h2>\n\n\n\n<p class=\"has-text-align-center\"><\/p>\n\n\n\n<p class=\"has-text-align-center\" style=\"font-size:26px\"><\/p>\n\n\n\n<p class=\"has-text-align-center\" style=\"font-size:2px\">Toute l&rsquo;\u00e9quipe vous retrouve bronz\u00e9e et en pleine forme le mardi 31 ao\u00fbt d\u00e8s 10H00 !<\/p>\n\n\n\n<p><\/p>\n","protected":false},"excerpt":{"rendered":"<p>L&rsquo; \u00e9cole de conduite C-Permis , situ\u00e9e \u00e0 Saint Denis de l&rsquo;H\u00f4tel depuis 2013&nbsp;vous propose un enseignement de qualit\u00e9 pour obtenir votre permis de conduire dans les meilleures conditions. Apprenez \u00e0 conduire en toute s\u00e9curit\u00e9 et sensibilisez-vous aux dangers de la route, encadr\u00e9 par des moniteurs dipl\u00f4m\u00e9s d&rsquo;\u00e9tat. Notre \u00e9quipe dynamique et s\u00e9rieuse vous accueille [&hellip;]<\/p>\n","protected":false},"author":4,"featured_media":0,"parent":0,"menu_order":0,"comment_status":"closed","ping_status":"closed","template":"","meta":{"footnotes":""},"_links":{"self":[{"href":"https:\/\/auto-ecole-loiret.com\/index.php?rest_route=\/wp\/v2\/pages\/134"}],"collection":[{"href":"https:\/\/auto-ecole-loiret.com\/index.php?rest_route=\/wp\/v2\/pages"}],"about":[{"href":"https:\/\/auto-ecole-loiret.com\/index.php?rest_route=\/wp\/v2\/types\/page"}],"author":[{"embeddable":true,"href":"https:\/\/auto-ecole-loiret.com\/index.php?rest_route=\/wp\/v2\/users\/4"}],"replies":[{"embeddable":true,"href":"https:\/\/auto-ecole-loiret.com\/index.php?rest_route=%2Fwp%2Fv2%2Fcomments&post=134"}],"version-history":[{"count":62,"href":"https:\/\/auto-ecole-loiret.com\/index.php?rest_route=\/wp\/v2\/pages\/134\/revisions"}],"predecessor-version":[{"id":1213,"href":"https:\/\/auto-ecole-loiret.com\/index.php?rest_route=\/wp\/v2\/pages\/134\/revisions\/1213"}],"wp:attachment":[{"href":"https:\/\/auto-ecole-loiret.com\/index.php?rest_route=%2Fwp%2Fv2%2Fmedia&parent=134"}],"curies":[{"name":"wp","href":"https:\/\/api.w.org\/{rel}","templated":true}]}}