{"id":669,"date":"2019-03-09T17:23:10","date_gmt":"2019-03-09T17:23:10","guid":{"rendered":"https:\/\/auto-ecole-loiret.com\/?page_id=669"},"modified":"2025-03-04T13:15:55","modified_gmt":"2025-03-04T13:15:55","slug":"permis-remorque-be","status":"publish","type":"page","link":"https:\/\/auto-ecole-loiret.com\/?page_id=669","title":{"rendered":"Permis remorque BE"},"content":{"rendered":"\n<p><\/p>\n\n\n<p>Un permis pour les v\u00e9hicules de la cat\u00e9gorie B attel\u00e9s d&rsquo;une remorque.<br \/>Pour conduire un v\u00e9hicule de la cat\u00e9gorie du permis B avec une remorque, il peut \u00eatre n\u00e9cessaire d&rsquo;\u00eatre titulaire du permis BE, anciennement nomm\u00e9 EB.<\/p>\n<h2>Permis de conduire BE : pour quoi, pour qui ?<\/h2>\n<p>Le permis de conduire BE est n\u00e9cessaire pour conduire un v\u00e9hicule de la cat\u00e9gorie B attel\u00e9 d&rsquo;une remorque lorsque :<\/p>\n<ul>\n<li>la remorque a un poids total autoris\u00e9 en charge (PTAC) sup\u00e9rieur \u00e0 750 kg et inf\u00e9rieur \u00e0 3500 kg.<\/li>\n<li>le PTAC du v\u00e9hicule et de la remorque est sup\u00e9rieur \u00e0 4,25 tonnes.<\/li>\n<\/ul>\n<p>Pour pouvoir s&rsquo;inscrire \u00e0 l&rsquo;examen du permis BE, il est n\u00e9cessaire :<\/p>\n<ul>\n<li>d&rsquo;\u00eatre \u00e2g\u00e9 d&rsquo;au moins 18 ans.<\/li>\n<li>d&rsquo;\u00eatre en possession du permis B<\/li>\n<\/ul>\n<h5>\u00a0<\/h5>\n<p><strong>La formation \u00ab plateau \u00bb se d\u00e9roule sur notre piste priv\u00e9e situ\u00e9e \u00e0 15 km (environ 15\/20 minutes)\u00a0 de notre agence au\u00a0 1625 Route de Sandillon \u2013 45560 SAINT DENIS EN VAL. Nous mettons\u00a0 \u00e0 votre disposition des toilettes et un local pour votre confort. Vous b\u00e9n\u00e9ficiez \u00e9galement d&rsquo;un parking priv\u00e9 gratuit. <\/strong><\/p>\n<p>Toutes les personnes titulaires d&rsquo;un permis de conduire depuis plus de 5 ans ou qui on pass\u00e9 l&rsquo;\u00e9preuve du code depuis plus de 5 ans doivent repasser cette \u00e9preuve. L&rsquo;<strong>obtention du code est n\u00e9cessaire<\/strong>\u00a0pour pouvoir passer les examens de conduite hors et en circulation.<\/p>\n<h2><strong>Les enjeux de la formation \u00e0 la conduite<\/strong><\/h2>\n<p>L\u2019objectif g\u00e9n\u00e9ral de la formation est d\u2019amener tout conducteur \u00e0 la ma\u00eetrise de comp\u00e9tences en termes de savoirs, savoir-faire, savoir-\u00eatre et savoir-devenir.<\/p>\n<p>L\u2019effort de renforcement de l\u2019\u00e9ducation et de la formation \u00e0 la conduite de ce type de v\u00e9hicule doit donc \u00eatre poursuivi.<\/p>\n<p>Apprendre \u00e0 conduire un ensemble de ce type est une d\u00e9marche \u00e9ducative exigeante et ce livret va vous guider dans votre progression avec l\u2019aide de votre formateur.<\/p>\n<h2><strong>Le d\u00e9roulement de la formation<\/strong><\/h2>\n<p>Afin de disposer de rep\u00e8res, quatre grilles de progression accompagnent l\u2019\u00e9l\u00e8ve dans l\u2019acquisition des comp\u00e9tences indispensables pour la conduite d\u2019un v\u00e9hicule affect\u00e9 au transport de marchandises.<\/p>\n<p>Ces grilles d\u00e9taillent, pour chaque sous-comp\u00e9tence associ\u00e9e, les savoirs comportementaux, techniques et environnementaux dont doit disposer l\u2019\u00e9l\u00e8ve conducteur au fur et \u00e0 mesure de son \u00e9volution.<\/p>\n<p>Pour chaque sous-comp\u00e9tence associ\u00e9e, des \u00e9valuations mises en place par votre formateur, qui vous en pr\u00e9cisera les crit\u00e8res et les conditions de r\u00e9ussite, sont pr\u00e9vues. Il vous sera possible ainsi de mesurer votre r\u00e9ussite ou d\u2019appr\u00e9cier les \u00e9l\u00e9ments \u00e0 faire progresser.<\/p>\n<p>De plus, pour chacune des sous-comp\u00e9tences associ\u00e9es qui impliquent la conscience que vous aurez de vos capacit\u00e9s, de vos motivations et de vos limites, des auto-\u00e9valuations sont \u00e0 votre disposition au sein de chacune des quatre grilles.<\/p>\n<p><strong>Lorsque l\u2019ensemble des comp\u00e9tences requises sera valid\u00e9, votre formateur pourra alors vous pr\u00e9senter aux \u00e9preuves du permis de conduire.<\/strong><\/p>\n<p><strong>\u00a0<\/strong><\/p>\n<h2><strong>Comment se d\u00e9roule l\u2019examen\u2009?<\/strong><\/h2>\n<p>L\u2019\u00e9preuve pratique de l\u2019examen du permis de conduire de la cat\u00e9gorie BE comporte deux phases\u2009:<\/p>\n<p>\u2013 la premi\u00e8re\u2009: hors circulation\u2009;<\/p>\n<p>\u2013 la seconde\u2009: en circulation.<\/p>\n<p>Ces deux phases de l\u2019\u00e9preuve pratique sont \u00e9valu\u00e9es par un expert\u2009: l\u2019inspecteur du permis de conduire et de la s\u00e9curit\u00e9 routi\u00e8re.<\/p>\n<p>L\u2019\u00e9valuation de l\u2019expert est bas\u00e9e sur des textes r\u00e9glementaires et instructions pr\u00e9cises qui en fixent les modalit\u00e9s.<\/p>\n<p>L\u2019\u00e9preuve hors circulation constitue une admissibilit\u00e9 pour l\u2019\u00e9preuve en circulation.<\/p>\n<p>L\u2019objectif de cette \u00e9preuve est d\u2019\u00e9valuer le niveau des savoirs et des savoirs-faire que vous avez acquis\u2009: code de la route, s\u00e9curit\u00e9 et signalisation routi\u00e8re, chargement et d\u00e9chargement, m\u00e9canique et v\u00e9rifications du v\u00e9hicule, man\u0153uvres, d\u00e9telage et attelage.<\/p>\n<p>L\u2019objectif de l\u2019\u00e9preuve en circulation est d\u2019\u00e9valuer les aptitudes que vous avez acquises pour proc\u00e9der aux v\u00e9rifications et contr\u00f4les avant le d\u00e9part du v\u00e9hicule et le niveau des comp\u00e9tences techniques et comportementales que vous avez acquises pour circuler en toute s\u00e9curit\u00e9.<\/p>\n<p>Cette \u00e9preuve se d\u00e9roule dans un environnement vari\u00e9 o\u00f9 le candidat doit notamment\u2009:<\/p>\n<p>\u2013 emprunter des routes droites, n\u00e9gocier des virages\u2009;<\/p>\n<p>\u2013 changer de direction, franchir des intersections, utiliser des voies d\u2019acc\u00e9l\u00e9ration et de d\u00e9c\u00e9l\u00e9ration\u2009;<\/p>\n<p>\u2013 r\u00e9aliser un parcours empruntant des voies \u00e0 caract\u00e8re urbain, routier et\/ou autoroutier\u2009;<\/p>\n<p>\u2013 d\u00e9passer et croiser des v\u00e9hicules\u2009;<\/p>\n<p>\u2013 quitter un emplacement de stationnement, repartir apr\u00e8s un arr\u00eat\u2009;<\/p>\n<p>\u2013 prendre les pr\u00e9cautions n\u00e9cessaires avant de descendre du v\u00e9hicule.<\/p>\n<p>L\u2019expert r\u00e9alise un bilan des comp\u00e9tences n\u00e9cessaires et fondamentales devant \u00eatre acquises pour une conduite en s\u00e9curit\u00e9, car la conduite est un acte difficile qui engage une responsabilit\u00e9 forte.<\/p>\n<p>L\u2019expert s\u2019attache \u00e0 valoriser vos acquis comportementaux plut\u00f4t que vos faiblesses. Il r\u00e9alise ainsi un inventaire des points positifs et des points n\u00e9gatifs restitu\u00e9s par rapport \u00e0 une comp\u00e9tence donn\u00e9e.<\/p>\n<p>\u00c0 l\u2019issue de l\u2019\u00e9preuve, l\u2019expert retranscrit de fa\u00e7on formelle ce bilan de comp\u00e9tences dans une grille d\u2019\u00e9valuation.<\/p>\n<hr \/>\n<h2>Pi\u00e8ces \u00e0 fournir \u00e0 l&rsquo;inscription<\/h2>\n<ul>\n<li>Carte d&rsquo;identit\u00e9 (en cours de validit\u00e9) ou titre de s\u00e9jour pour \u00e9trangers<\/li>\n<li>Pour les mineurs : carte d&rsquo;identit\u00e9 du responsable l\u00e9gal et livret de famille si nom diff\u00e9rent<\/li>\n<li>Attestation de recensement (+16 ans)<\/li>\n<li>Attestation de la Journ\u00e9e D\u00e9fense et Citoyennet\u00e9 (+17 ans)<\/li>\n<li>2 photos d\u2019identit\u00e9s aux normes ANTS avec signature \u00e9lectronique<\/li>\n<li>Justificatif de domicile de moins de 6 mois (Facture t\u00e9l\u00e9phonique, EDF, GDF, quittance de loyer&#8230;)<\/li>\n<li>Attestation d&rsquo;h\u00e9bergement (document fourni par l&rsquo;auto-\u00e9cole)<\/li>\n<\/ul>\n<hr \/>\n<h2>Formule remorque BE :\u00a0 \u00a0\u00a0 790 \u20ac<\/h2>\n<h5>(Base minimale obligatoire)<\/h5>\n<ul>\n<li>Frais de dossier<\/li>\n<li>Frais de gestion administrative<\/li>\n<li>Livret d&rsquo;apprentissage<\/li>\n<li>Livre 12 fiches remorque<\/li>\n<li>10 heures de formation<\/li>\n<li>Accompagnement \u00e0 l&rsquo;examen<\/li>\n<\/ul>\n\n\n<p><\/p>\n\n\n\n<p><\/p>\n\n\n\n<p><\/p>\n\n\n\n<p><\/p>\n","protected":false},"excerpt":{"rendered":"<p>Un permis pour les v\u00e9hicules de la cat\u00e9gorie B attel\u00e9s d&rsquo;une remorque.Pour conduire un v\u00e9hicule de la cat\u00e9gorie du permis B avec une remorque, il peut \u00eatre n\u00e9cessaire d&rsquo;\u00eatre titulaire du permis BE, anciennement nomm\u00e9 EB. Permis de conduire BE : pour quoi, pour qui ? Le permis de conduire BE est n\u00e9cessaire pour conduire [&hellip;]<\/p>\n","protected":false},"author":3,"featured_media":0,"parent":0,"menu_order":0,"comment_status":"closed","ping_status":"closed","template":"","meta":{"footnotes":""},"_links":{"self":[{"href":"https:\/\/auto-ecole-loiret.com\/index.php?rest_route=\/wp\/v2\/pages\/669"}],"collection":[{"href":"https:\/\/auto-ecole-loiret.com\/index.php?rest_route=\/wp\/v2\/pages"}],"about":[{"href":"https:\/\/auto-ecole-loiret.com\/index.php?rest_route=\/wp\/v2\/types\/page"}],"author":[{"embeddable":true,"href":"https:\/\/auto-ecole-loiret.com\/index.php?rest_route=\/wp\/v2\/users\/3"}],"replies":[{"embeddable":true,"href":"https:\/\/auto-ecole-loiret.com\/index.php?rest_route=%2Fwp%2Fv2%2Fcomments&post=669"}],"version-history":[{"count":14,"href":"https:\/\/auto-ecole-loiret.com\/index.php?rest_route=\/wp\/v2\/pages\/669\/revisions"}],"predecessor-version":[{"id":1185,"href":"https:\/\/auto-ecole-loiret.com\/index.php?rest_route=\/wp\/v2\/pages\/669\/revisions\/1185"}],"wp:attachment":[{"href":"https:\/\/auto-ecole-loiret.com\/index.php?rest_route=%2Fwp%2Fv2%2Fmedia&parent=669"}],"curies":[{"name":"wp","href":"https:\/\/api.w.org\/{rel}","templated":true}]}}