{"id":704,"date":"2019-03-27T15:55:35","date_gmt":"2019-03-27T15:55:35","guid":{"rendered":"https:\/\/auto-ecole-loiret.com\/?page_id=704"},"modified":"2025-03-04T13:16:41","modified_gmt":"2025-03-04T13:16:41","slug":"permis-remorque-b96","status":"publish","type":"page","link":"https:\/\/auto-ecole-loiret.com\/?page_id=704","title":{"rendered":"Permis remorque B96"},"content":{"rendered":"<p><strong>Le permis B et la formation 7 heures sont n\u00e9cessaires seulement si vous remplissez\u00a0les 2 conditions suivantes\u00a0:<\/strong><\/p>\n<ul>\n<li><strong>Le PTAC (Poids total autoris\u00e9 en charge) de la remorque est sup\u00e9rieur \u00e0 750 kg et inf\u00e9rieur ou \u00e9gal \u00e0 3,5 tonnes<\/strong><\/li>\n<li><strong>La \u00a0\u00a0somme des PTAC (PTAC du v\u00e9hicule tracteur + PTAC de la remorque) est \u00a0sup\u00e9rieure \u00e0 3.5 tonnes et inf\u00e9rieure ou \u00e9gale \u00e0 4,250 tonnes<\/strong><\/li>\n<\/ul>\n<p><strong>La formation \u00ab plateau \u00bb se d\u00e9roule sur notre piste priv\u00e9e situ\u00e9e \u00e0 15 km (15\/20 minutes)\u00a0 de notre agence au\u00a0 1625 Route de Sandillon \u2013 45560 SAINT DENIS EN VAL. Nous mettons \u00e0 votre disposition des toilettes et un local pour votre confort. Vous b\u00e9n\u00e9ficiez \u00e9galement d&rsquo;un parking priv\u00e9 gratuit.<\/strong><\/p>\n<h2><strong>Les enjeux de la formation \u00e0 la conduite<\/strong><\/h2>\n<p>La conduite d\u2019un ensemble de v\u00e9hicules pr\u00e9sente de r\u00e9elles sp\u00e9cificit\u00e9s qu\u2019il faut \u00eatre en mesure de correctement ma\u00eetriser.<\/p>\n<p>Ce programme se veut une vue d\u2019ensemble, aussi exhaustive que possible, des comp\u00e9tences th\u00e9oriques et pratiques qu\u2019un conducteur, responsable et autonome, doit acqu\u00e9rir pour ne pas mettre sa s\u00e9curit\u00e9 et celle des autres en danger.<\/p>\n<p>Au travers de ce programme, avec l\u2019aide de votre formateur, vous allez apprendre et comprendre les r\u00e8gles du code de la route (notamment celles qui concernent plus sp\u00e9cifiquement le type de v\u00e9hicule que vous apprenez \u00e0 conduire) mais aussi apprendre et comprendre comment ma\u00eetriser le maniement du v\u00e9hicule en marche avant et arri\u00e8re, la n\u00e9cessit\u00e9 de partager la route en bonne intelligence avec les autres usagers et d\u2019adopter des comportements de conduite citoyens et responsables, la n\u00e9cessit\u00e9 de la prise de conscience des risques et des limites propres \u00e0 sa conduite et \u00e0 celle des autres.<\/p>\n<p>Votre formateur est \u00e0 vos c\u00f4t\u00e9s pour vous guider et vous conseiller.<\/p>\n<h2><strong>\u00a0<\/strong><strong>Le d\u00e9roulement de la formation<\/strong><\/h2>\n<p>La formation, d\u2019une dur\u00e9e de 7\u202fheures se d\u00e9compose en deux parties\u2009:<\/p>\n<ul>\n<li><strong> 4\u202fheures hors circulation alternant th\u00e9orie et pratique pour acqu\u00e9rir des comp\u00e9tences relatives \u00e0 la prise en charge et \u00e0 l\u2019utilisation d\u2019un ensemble de v\u00e9hicules.<\/strong><\/li>\n<\/ul>\n<p>Cette s\u00e9quence alterne pendant 4 heures th\u00e9orie et pratique au volant. Elle a pour objectif l\u2019acquisition de savoirs et savoir-faire sp\u00e9cifiques indispensables \u00e0 la prise en charge et \u00e0 l\u2019utilisation en toute s\u00e9curit\u00e9 de ce type d\u2019ensemble.<\/p>\n<p><strong>A\/Conna\u00eetre et comprendre l\u2019utilit\u00e9 de la r\u00e9glementation concernant :<\/strong><\/p>\n<p>Les poids et masses : le poids \u00e0 vide (PV), le poids total autoris\u00e9 en charge (PTAC), le poids total roulant<\/p>\n<p>autoris\u00e9 (PTRA), les masses en charge maximales admissibles, le poids r\u00e9el et la charge.<\/p>\n<p>Les plaques : Plaques d\u2019immatriculation, d\u2019identification et de tare.<\/p>\n<p>Le freinage des remorques<\/p>\n<p>Les \u00e9quipements obligatoires de la remorque :<\/p>\n<p>&#8211; Feux, \u00e9clairage de la plaque d\u2019immatriculation, dispositifs r\u00e9fl\u00e9chissants, clignotant.<\/p>\n<p>&#8211; \u00c9quipements obligatoires suppl\u00e9mentaires pour les remorques dont la largeur est sup\u00e9rieure \u00e0 1,60<\/p>\n<p>m\u00e8tre ou \u00e0 2,10 m\u00e8tres.<\/p>\n<p>&#8211; Le triangle de pr\u00e9 signalisation.<\/p>\n<p><strong>B\/Conna\u00eetre et comprendre l\u2019utilit\u00e9 de la signalisation et des r\u00e8gles de circulation sp\u00e9cifiques \u00e0 la<\/strong><\/p>\n<p><strong>conduite d\u2019un ensemble.<\/strong><\/p>\n<p>&#8211; Signalisation sp\u00e9cifique<\/p>\n<p>&#8211; L\u2019utilisation des voies (notamment pour les ensembles de plus de 7 m\u00e8tres de long ou de plus de 3,5<\/p>\n<p>tonnes).<\/p>\n<p>-Le chargement : r\u00e9partition et arrimage.<\/p>\n<p><strong>C \/ Conna\u00eetre et comprendre l\u2019utilit\u00e9 des v\u00e9rifications \u00e0 effectuer avant le d\u00e9part.<\/strong><\/p>\n<p>&#8211; V\u00e9rification de l\u2019\u00e9tat du v\u00e9hicule tracteur, notamment au niveau : des freins, \u00e9tat des suspensions, \u00e9tat<\/p>\n<p>du dispositif d\u2019attelage.<\/p>\n<p>&#8211; V\u00e9rification de l\u2019\u00e9tat et du bon fonctionnement des feux : du v\u00e9hicule tracteur et de la remorque.<\/p>\n<p>&#8211; V\u00e9rification de l\u2019\u00e9tat et de la pression des pneumatiques du v\u00e9hicule tracteur et de la remorque.<\/p>\n<p><strong>D\/R\u00e9alisation d\u2019exercices d\u2019attelages et de d\u00e9telage<\/strong><\/p>\n<p>&#8211; Conna\u00eetre et r\u00e9aliser en s\u00e9curit\u00e9 les diff\u00e9rentes \u00e9tapes d\u2019un attelage et d\u2019un d\u00e9telage (s\u2019assurer, avant de d\u00e9part, de la bonne r\u00e9alisation des diff\u00e9rentes op\u00e9rations pour la s\u00e9curit\u00e9.<\/p>\n<p>E\/R\u00e9alisation d\u2019exercice de maniabilit\u00e9<\/p>\n<p>&#8211; R\u00e9alisation de marche arri\u00e8re en ligne droite avec arr\u00eat de pr\u00e9cision.<\/p>\n<p>&#8211; R\u00e9alisation de marche arri\u00e8re sinueuse entre des portes avec arr\u00eat de pr\u00e9cision.<\/p>\n<ul>\n<li><strong> 3\u202fheures en circulation pour apprendre \u00e0 adapter les comportements de conduite aux particularit\u00e9s de la conduite d\u2019un ensemble et aux risques qui y sont associ\u00e9s.<\/strong><\/li>\n<\/ul>\n<p>L\u2019objectif de cette s\u00e9quence est de travailler sur l\u2019adaptation des comportements de conduite du ou des<\/p>\n<p>\u00e9l\u00e8ves aux particularit\u00e9s de la conduite d\u2019un ensemble et de susciter une prise de conscience des risques<\/p>\n<p>associ\u00e9s.<\/p>\n<p>La s\u00e9quence circulation s\u2019effectue avec un maximum de 3 \u00e9l\u00e8ves dans la voiture tractrice et chaque \u00e9l\u00e8ve<\/p>\n<p>effectue au minimum 50 minutes de conduite.<\/p>\n<p>En circulation l\u2019accent est mis notamment sur :<\/p>\n<ul>\n<li>La ma\u00eetrise de l\u2019ensemble : masses, gabarit, rapport vitesse-puissance, ph\u00e9nom\u00e8ne d\u2019oscillation lat\u00e9rale.<\/li>\n<li>Les angles morts.<\/li>\n<li>Les changements de direction.<\/li>\n<li>La prise en compte des autres usagers (notamment les usagers vuln\u00e9rables).<\/li>\n<li>L\u2019information et la communication avec les autres usagers.<\/li>\n<li>L\u2019anticipation, les distances de freinage et d\u2019arr\u00eat.<\/li>\n<li>Les trajectoires (virages, voies \u00e9troites).<\/li>\n<li>La ma\u00eetrise de l\u2019ensemble et le partage de la route notamment dans les situations de croisement et de d\u00e9passement.<\/li>\n<\/ul>\n<p>A l\u2019issue de cette phase de conduite, 10 minutes sont consacr\u00e9es au bilan et la prestation de chaque \u00e9l\u00e8ve et notamment sur :<\/p>\n<ul>\n<li>Le ressenti de sa prestation.<\/li>\n<li>Dans le cas d\u2019une formation collective, un \u00e9change avec les autres \u00e9l\u00e8ves sur ce qu\u2019ils ont per\u00e7u de la prestation.<\/li>\n<li>Un bilan de la prestation, r\u00e9alis\u00e9 par l\u2019enseignant accompagn\u00e9 de conseils en lien avec la conduite d\u2019un attelage.<\/li>\n<\/ul>\n<p><strong>Attestation<\/strong><\/p>\n<p>\u00c0 l\u2019issue de la formation, l\u2019\u00e9tablissement agr\u00e9\u00e9 vous d\u00e9livre une attestation de formation.\u00a0<\/p>\n<p>Nous pourrons nous occuper des formalit\u00e9s administratives : renseignez-vous !<\/p>\n<hr \/>\n<h2>\u00a0<\/h2>\n<h2>Pi\u00e8ces \u00e0 Fournir \u00e0 l\u2019inscription<\/h2>\n<ul>\n<li>Carte d\u2019identit\u00e9 (en cours de validit\u00e9) \u00a0ou titre de s\u00e9jour pour \u00e9trangers<\/li>\n<li>Permis de conduire<\/li>\n<li>4 photos d\u2019identit\u00e9 aux normes ANTS avec signature \u00e9lectronique<\/li>\n<li>Attestation d\u2019h\u00e9bergement<\/li>\n<li>Justificatif de domicile de moins de 6 mois ( facture t\u00e9l\u00e9phone, EDF, quittance de loyer\u2026)<\/li>\n<li>Carte d\u2019identit\u00e9 ou titre de s\u00e9jour de la personne vous h\u00e9bergeant<\/li>\n<\/ul>\n<hr \/>\n<h2>\u00a0<\/h2>\n<h2>Formation B96 :\u00a0 \u00a0\u00a0 449 \u20ac<\/h2>\n<p>7 h 00 de formation<\/p>\n<p>Plateau et circulation<\/p>\n\n\n<p><\/p>\n","protected":false},"excerpt":{"rendered":"<p>Le permis B et la formation 7 heures sont n\u00e9cessaires seulement si vous remplissez\u00a0les 2 conditions suivantes\u00a0: Le PTAC (Poids total autoris\u00e9 en charge) de la remorque est sup\u00e9rieur \u00e0 750 kg et inf\u00e9rieur ou \u00e9gal \u00e0 3,5 tonnes La \u00a0\u00a0somme des PTAC (PTAC du v\u00e9hicule tracteur + PTAC de la remorque) est \u00a0sup\u00e9rieure \u00e0 [&hellip;]<\/p>\n","protected":false},"author":3,"featured_media":0,"parent":0,"menu_order":0,"comment_status":"closed","ping_status":"closed","template":"","meta":{"footnotes":""},"_links":{"self":[{"href":"https:\/\/auto-ecole-loiret.com\/index.php?rest_route=\/wp\/v2\/pages\/704"}],"collection":[{"href":"https:\/\/auto-ecole-loiret.com\/index.php?rest_route=\/wp\/v2\/pages"}],"about":[{"href":"https:\/\/auto-ecole-loiret.com\/index.php?rest_route=\/wp\/v2\/types\/page"}],"author":[{"embeddable":true,"href":"https:\/\/auto-ecole-loiret.com\/index.php?rest_route=\/wp\/v2\/users\/3"}],"replies":[{"embeddable":true,"href":"https:\/\/auto-ecole-loiret.com\/index.php?rest_route=%2Fwp%2Fv2%2Fcomments&post=704"}],"version-history":[{"count":20,"href":"https:\/\/auto-ecole-loiret.com\/index.php?rest_route=\/wp\/v2\/pages\/704\/revisions"}],"predecessor-version":[{"id":1186,"href":"https:\/\/auto-ecole-loiret.com\/index.php?rest_route=\/wp\/v2\/pages\/704\/revisions\/1186"}],"wp:attachment":[{"href":"https:\/\/auto-ecole-loiret.com\/index.php?rest_route=%2Fwp%2Fv2%2Fmedia&parent=704"}],"curies":[{"name":"wp","href":"https:\/\/api.w.org\/{rel}","templated":true}]}}