{"id":706,"date":"2019-03-27T15:55:35","date_gmt":"2019-03-27T15:55:35","guid":{"rendered":"https:\/\/auto-ecole-loiret.com\/?page_id=706"},"modified":"2024-09-19T15:10:01","modified_gmt":"2024-09-19T15:10:01","slug":"reglement-interieur","status":"publish","type":"page","link":"https:\/\/auto-ecole-loiret.com\/?page_id=706","title":{"rendered":"R\u00e8glement Int\u00e9rieur"},"content":{"rendered":"\n<p><\/p>\n\n\n\n<p>Ce\nr\u00e8glement a pour objet de d\u00e9finir les r\u00e8gles relatives \u00e0 l\u2019hygi\u00e8ne, \u00e0 la\ns\u00e9curit\u00e9 ainsi qu\u2019\u00e0 la discipline n\u00e9cessaire au bon fonctionnement de\nl\u2019\u00e9tablissement. Il est applicable par l\u2019ensemble des \u00e9l\u00e8ves.<\/p>\n\n\n\n<p><strong>Article 1&nbsp;:<\/strong> L\u2019auto-\u00e9cole \u00ab&nbsp;C-Permis&nbsp;\u00bb applique les r\u00e8gles\nd\u2019enseignement selon les lois en vigueur, notamment l\u2019arr\u00eat\u00e9 minist\u00e9riel\nrelatif au <strong>R<\/strong>\u00e9f\u00e9rentiel pour l\u2019<strong>E<\/strong>ducation \u00e0 une <strong>M<\/strong>otricit\u00e9 <strong>C<\/strong>itoyenne\n(REMC) en vigueur depuis le 01 juillet 2014.<\/p>\n\n\n\n<p><strong>Article 2&nbsp;:<\/strong> Tous les \u00e9l\u00e8ves inscrits dans l\u2019\u00e9tablissement\n\u00ab&nbsp;C-Permis&nbsp;\u00bb se doivent de respecter les conditions de fonctionnement\nde l\u2019auto-\u00e9cole sans restriction, \u00e0 savoir&nbsp;:<\/p>\n\n\n\n<ul>\n<li>Respecter le personnel de l\u2019\u00e9tablissement,<\/li>\n\n\n\n<li>Respecter les autres \u00e9l\u00e8ves sans discrimination aucune, <\/li>\n\n\n\n<li>Respecter le mat\u00e9riel (ne pas mettre les pieds sur les\nchaises, ne pas se balancer dessus, prendre soin du mat\u00e9riel pr\u00eat\u00e9, ne pas\n\u00e9crire sur les murs, chaises, etc),<\/li>\n\n\n\n<li>Ne pas manger ni boire dans la salle de code ou dans les\nv\u00e9hicules \u00e9coles,<\/li>\n\n\n\n<li>Respecter les locaux (propret\u00e9, d\u00e9gradations)<\/li>\n\n\n\n<li>Les \u00e9l\u00e8ves sont tenus&nbsp;\nde ne pas fumer ou vapoter \u00e0 l\u2019int\u00e9rieur de l\u2019\u00e9tablissement, ni dans les\nv\u00e9hicules \u00e9coles, ni de consommer ou d\u2019avoir consomm\u00e9&nbsp; toute boisson ou produit pouvant nuire \u00e0 la\nconduite d\u2019un v\u00e9hicule (alcool, drogues ou m\u00e9dicaments\u2026),<\/li>\n\n\n\n<li>Les \u00e9l\u00e8ves doivent avoir une hygi\u00e8ne, une tenue et un\ncomportement correct et adapt\u00e9 \u00e0 l\u2019apprentissage de la conduite&nbsp;:<\/li>\n<\/ul>\n\n\n\n<p>&#8211; pour les formations aux permis B, Conduite Supervis\u00e9e\net Conduite accompagn\u00e9e&nbsp;: pr\u00e9voir des chaussures plates (talons hauts et\nchaussures ne tenant pas le pied style tongs sont interdits).<\/p>\n\n\n\n<p>&#8211; pour les formations au permis A et formations AM&nbsp;:\n\u00e9quipement obligatoire homologu\u00e9&nbsp;: casque, gants, chaussures tenant la\ncheville,<\/p>\n\n\n\n<ul>\n<li>Il est interdit d\u2019utiliser le mat\u00e9riel vid\u00e9o sans y avoir\n\u00e9t\u00e9 autoris\u00e9,<\/li>\n\n\n\n<li>Respecter les horaires des s\u00e9ances ou cours de code afin\nde ne pas perturber le bon d\u00e9roulement de la le\u00e7on en cours,<\/li>\n\n\n\n<li>Respecter les horaires des le\u00e7ons de conduite. Au-del\u00e0 de\n15 minutes de retard, la le\u00e7on sera annul\u00e9e, factur\u00e9e &nbsp;et non rembours\u00e9e.<\/li>\n\n\n\n<li>Il est interdit d\u2019utiliser des appareils sonores (MP3,\ntablette, t\u00e9l\u00e9phone portable, etc\u2026) pendant les cours th\u00e9oriques et pratiques.<\/li>\n<\/ul>\n\n\n\n<p><\/p>\n\n\n\n<p><strong>Article 3&nbsp;:<\/strong> Lors des s\u00e9ances de code, il est demand\u00e9 \u00e0 l\u2019\u00e9l\u00e8ve de rester jusqu\u2019\u00e0 la fin des corrections, m\u00eame si celles-ci d\u00e9bordent un peu sur les horaires, lorsque l\u2019enseignant r\u00e9pond aux questions pos\u00e9es. L\u2019important \u00e9tant d\u2019\u00e9couter et de comprendre les r\u00e9ponses afin d\u2019avoir un maximum de possibilit\u00e9 de r\u00e9ussir l\u2019examen th\u00e9orique.<\/p>\n\n\n\n<p><strong>Article 4&nbsp;:<\/strong> Toute le\u00e7on de conduite non d\u00e9command\u00e9e 48 heures ouvrables \u00e0 l\u2019avance sans motif valable sera factur\u00e9e. Aucune le\u00e7on ne pourra \u00eatre d\u00e9command\u00e9e \u00e0 l\u2019aide du r\u00e9pondeur, sms, messagerie facebook ou du site internet&nbsp;: les annulations devront imp\u00e9rativement \u00eatre faites pendant les heures d\u2019ouverture du bureau.<\/p>\n\n\n\n<p><strong>Article 5&nbsp;:<\/strong> Les t\u00e9l\u00e9phones portables doivent \u00eatre \u00e9teints ou en mode silencieux en le\u00e7on de conduite et pendant les heures de code.<\/p>\n\n\n\n<p><strong>Article 6 :<\/strong> Il est demand\u00e9 aux \u00e9l\u00e8ve de penser \u00e0 prendre connaissance des informations mises \u00e0 leur disposition dans l\u2019\u00e9tablissement (porte, tableau d\u2019affichage)<\/p>\n\n\n\n<p><strong>Article 7&nbsp;:<\/strong> Le livret d\u2019apprentissage sera remis \u00e0 l\u2019\u00e9l\u00e8ve. Il est demand\u00e9 au candidat d\u2019en prendre le plus grand soin et de la pr\u00e9senter \u00e0 chaque le\u00e7on de conduite.<\/p>\n\n\n\n<p><strong>Article 8&nbsp;:<\/strong> Aucune pr\u00e9sentation \u00e0 l\u2019examen ne sera r\u00e9alis\u00e9e si le solde du compte n\u2019est pas r\u00e9gl\u00e9.<\/p>\n\n\n\n<p><\/p>\n\n\n\n<p><strong>Article 19&nbsp;:<\/strong> L\u2019inscription d\u2019un candidat \u00e0 l\u2019examen th\u00e9orique g\u00e9n\u00e9ral ou pratique devra respecter les points suivants&nbsp;:<\/p>\n\n\n\n<ul>\n<li>Programme de formation termin\u00e9,<\/li>\n\n\n\n<li>Avis favorable du moniteur charg\u00e9 de sa formation,<\/li>\n\n\n\n<li>Compte sold\u00e9.<\/li>\n<\/ul>\n\n\n\n<p><\/p>\n\n\n\n<p><strong>Article 10&nbsp;:<\/strong> Tout manquement \u00e0 l\u2019une des dispositions du pr\u00e9sent sur ledit r\u00e8glement pourra, en fonction de sa nature et de sa gravit\u00e9, faire l\u2019objet des sanctions ci-dessous d\u00e9sign\u00e9es par ordre d\u2019importance&nbsp;:<\/p>\n\n\n\n<ul>\n<li>Avertissement oral, <\/li>\n\n\n\n<li>Avertissement \u00e9crit,<\/li>\n\n\n\n<li>Suspension provisoire,<\/li>\n\n\n\n<li>Exclusion d\u00e9finitive de l\u2019\u00e9tablissement.<\/li>\n<\/ul>\n\n\n\n<p><\/p>\n\n\n\n<p><strong>Article 11&nbsp;:<\/strong> Le responsable de l\u2019\u00e9tablissement peut d\u00e9cider d\u2019exclure un \u00e9l\u00e8ve \u00e0 tout moment du cursus de sa formation pour un des motifs suivants&nbsp;:<\/p>\n\n\n\n<ul>\n<li>Attitude emp\u00eachant la r\u00e9alisation du travail de\nformation,<\/li>\n\n\n\n<li>Evaluation par le responsable p\u00e9dagogique de l\u2019inaptitude\nde l\u2019\u00e9l\u00e8ve pour la formation concern\u00e9e,<\/li>\n\n\n\n<li>Non- respect du pr\u00e9sent r\u00e8glement int\u00e9rieur,<\/li>\n\n\n\n<li>Non-paiement.<\/li>\n<\/ul>\n\n\n\n<p><\/p>\n\n\n\n<p class=\"has-very-dark-gray-color has-text-color\"><\/p>\n\n\n\n<p class=\"has-medium-font-size\"><strong>L\u2019auto-\u00e9cole \u00ab&nbsp;C-Permis&nbsp;\u00bb est heureuse de vous accueillir parmi ses \u00e9l\u00e8ves et vous souhaite une bonne et excellente formation<\/strong><\/p>\n\n\n\n<p><\/p>\n\n\n\n<p><\/p>\n\n\n\n<h2 class=\"wp-block-heading\"><\/h2>\n\n\n\n<h2 class=\"wp-block-heading\"><\/h2>\n\n\n\n<p class=\"has-text-align-center\"><\/p>\n\n\n\n<p><\/p>\n\n\n\n<p><\/p>\n\n\n\n<p class=\"has-text-align-center\"><strong>M\u00e9diation \u00e0 la Consommation :<\/strong><\/p>\n\n\n\n<p class=\"has-text-align-center\"><a href=\"https:\/\/www.mediateur-mobilians.fr\/\">https:\/\/www.mediateur-mobilians.fr\/<\/a><\/p>\n\n\n\n<p class=\"has-text-align-center\">ou en \u00e9crivant au : M\u00e9diateur de Mobilians<\/p>\n\n\n\n<p class=\"has-text-align-center\">43 bis, Route de Vaugirard &#8211; CS 80016<\/p>\n\n\n\n<p class=\"has-text-align-center\">92197 MEUDON Cedex<\/p>\n\n\n\n<p class=\"has-text-align-center\">Mail : mediateur@mediateur-mobilians.fr<\/p>\n\n\n\n<p><\/p>\n\n\n\n<ul>\n<li><a href=\"https:\/\/acrobat.adobe.com\/id\/urn:aaid:sc:eu:3bf66445-c915-43ae-ad74-7084cb502ed6\">Plan de gestion des R\u00e9clamations<\/a><\/li>\n<\/ul>\n\n\n\n<p>Pour nous contacter : <\/p>\n\n\n\n<p>Par courrier : auto-\u00e9cole C-Permis 33 avenue de la T\u00eate Verte 45550 Saint Denis de l&rsquo;H\u00f4tel<\/p>\n\n\n\n<p>Par mail : c-permis@orange.fr<\/p>\n\n\n\n<p><\/p>\n\n\n\n<p><\/p>\n\n\n\n<p><\/p>\n\n\n\n<p><\/p>\n\n\n\n<p><\/p>\n\n\n\n<p><\/p>\n","protected":false},"excerpt":{"rendered":"<p>Ce r\u00e8glement a pour objet de d\u00e9finir les r\u00e8gles relatives \u00e0 l\u2019hygi\u00e8ne, \u00e0 la s\u00e9curit\u00e9 ainsi qu\u2019\u00e0 la discipline n\u00e9cessaire au bon fonctionnement de l\u2019\u00e9tablissement. Il est applicable par l\u2019ensemble des \u00e9l\u00e8ves. Article 1&nbsp;: L\u2019auto-\u00e9cole \u00ab&nbsp;C-Permis&nbsp;\u00bb applique les r\u00e8gles d\u2019enseignement selon les lois en vigueur, notamment l\u2019arr\u00eat\u00e9 minist\u00e9riel relatif au R\u00e9f\u00e9rentiel pour l\u2019Education \u00e0 une [&hellip;]<\/p>\n","protected":false},"author":3,"featured_media":0,"parent":0,"menu_order":0,"comment_status":"closed","ping_status":"closed","template":"","meta":{"footnotes":""},"_links":{"self":[{"href":"https:\/\/auto-ecole-loiret.com\/index.php?rest_route=\/wp\/v2\/pages\/706"}],"collection":[{"href":"https:\/\/auto-ecole-loiret.com\/index.php?rest_route=\/wp\/v2\/pages"}],"about":[{"href":"https:\/\/auto-ecole-loiret.com\/index.php?rest_route=\/wp\/v2\/types\/page"}],"author":[{"embeddable":true,"href":"https:\/\/auto-ecole-loiret.com\/index.php?rest_route=\/wp\/v2\/users\/3"}],"replies":[{"embeddable":true,"href":"https:\/\/auto-ecole-loiret.com\/index.php?rest_route=%2Fwp%2Fv2%2Fcomments&post=706"}],"version-history":[{"count":14,"href":"https:\/\/auto-ecole-loiret.com\/index.php?rest_route=\/wp\/v2\/pages\/706\/revisions"}],"predecessor-version":[{"id":1166,"href":"https:\/\/auto-ecole-loiret.com\/index.php?rest_route=\/wp\/v2\/pages\/706\/revisions\/1166"}],"wp:attachment":[{"href":"https:\/\/auto-ecole-loiret.com\/index.php?rest_route=%2Fwp%2Fv2%2Fmedia&parent=706"}],"curies":[{"name":"wp","href":"https:\/\/api.w.org\/{rel}","templated":true}]}}