{"id":707,"date":"2019-03-27T15:55:35","date_gmt":"2019-03-27T15:55:35","guid":{"rendered":"https:\/\/auto-ecole-loiret.com\/?page_id=707"},"modified":"2022-05-06T14:25:41","modified_gmt":"2022-05-06T14:25:41","slug":"rendez-vous-post-permis","status":"publish","type":"page","link":"https:\/\/auto-ecole-loiret.com\/?page_id=707","title":{"rendered":"Rendez-vous post-permis"},"content":{"rendered":"\n<h1 class=\"wp-block-heading\">Au 1er janvier 2019, r\u00e9duction du d\u00e9lai probatoire pour les \ntitulaires d&rsquo;un 1er permis de conduire qui auront suivi une formation \ncompl\u00e9mentaire&#8230;<\/h1>\n\n\n\n<p>\n\t\n\t\t23 ao\u00fbt 2018\n\t\t\n\n\n\n\n<\/p>\n\n\n\n<p>En 2016, les conducteurs novices sont impliqu\u00e9s dans un quart des \naccidents de la route ayant entra\u00een\u00e9 des blessures ou la mort. 144 \nd&rsquo;entre eux y ont perdu la vie.<\/p>\n\n\n\n<p>\nLe     \n<a href=\"https:\/\/www.legifrance.gouv.fr\/affichTexte.do?cidTexte=JORFTEXT000037301217\" target=\"_blank\" rel=\"noreferrer noopener\">d\u00e9cret 2018-715<\/a>\n paru au Journal officiel du 3 ao\u00fbt 2018 introduit dans le code de la \nroute la possibilit\u00e9 d&rsquo;une formation post permis exclusivement r\u00e9serv\u00e9e \naux conducteurs novices. En proposant l&rsquo;opportunit\u00e9 d&rsquo;une telle \nformation compl\u00e9mentaire, la S\u00e9curit\u00e9 routi\u00e8re s&rsquo;attaque au ph\u00e9nom\u00e8ne \nbien connu de sur-confiance qui survient entre six mois et un an apr\u00e8s \nl&rsquo;obtention du permis de conduire et qui est la cause d&rsquo;une mauvaise \nappr\u00e9ciation des risques et donc d&rsquo;une accidentalit\u00e9 particuli\u00e8rement \n\u00e9lev\u00e9e.<br>\n&nbsp;<br>\nPlusieurs exp\u00e9riences similaires men\u00e9es dans plusieurs pays de l&rsquo;Union \neurop\u00e9enne, notamment en Autriche, en Finlande et au Luxembourg, ont \nd\u00e9montr\u00e9 l&rsquo;efficacit\u00e9 de la formation post permis, notamment sur la \nr\u00e9duction de l&rsquo;accidentalit\u00e9. Sa mise en place dans notre pays le 1er \njanvier 2019 r\u00e9pond \u00e0 la d\u00e9cision du Comit\u00e9 interminist\u00e9riel de la \ns\u00e9curit\u00e9 routi\u00e8re (CISR) du 2 octobre 2015 (mesure D17).<br>\n&nbsp;<br>\nCette formation compl\u00e9mentaire s&rsquo;adresse donc exclusivement aux \ntitulaires d&rsquo;un premier permis de conduire (A1, A2, B1 ou B) entre les \n6e et 12e mois qui suivent son obtention, ni avant, ni apr\u00e8s.<br>\n&nbsp;<br>\nL&rsquo;objectif de la formation post permis est de susciter chez les \nconducteurs novices un processus de r\u00e9flexion sur leurs comportements au\n volant et leur perception des risques au moment o\u00f9 ils acqui\u00e8rent \ndavantage d&rsquo;assurance.<br>\n&nbsp;<br>Les b\u00e9n\u00e9ficiaires de cette formation, qui rel\u00e8ve du volontariat, \nverront en contrepartie leur p\u00e9riode probatoire r\u00e9duite, sous r\u00e9serve de\n n&rsquo;avoir commis aucune infraction donnant lieu \u00e0 retrait de points.<\/p>\n\n\n\n<h2 class=\"wp-block-heading\">Une formation certifi\u00e9e dans une \u00e9cole de conduite labellis\u00e9e<\/h2>\n\n\n\n<p>\n\u00c0 partir du 1er janvier 2019, les titulaires d&rsquo;un premier permis de \nconduire pourront pr\u00e9tendre \u00e0 cette formation. Celle-ci sera dispens\u00e9e \nuniquement par une \u00e9cole de conduite d\u00e9tentrice d&rsquo;un label d\u00e9livr\u00e9 ou \nreconnu par les services de l&rsquo;\u00c9tat garantissant la qualit\u00e9 de son \ncontenu (voir encadr\u00e9).<br>\nLa formation sera collective afin de permettre un maximum d&rsquo;\u00e9changes sur\n les exp\u00e9riences de conduite entre les conducteurs d&rsquo;une m\u00eame \ng\u00e9n\u00e9ration. Sa dur\u00e9e est limit\u00e9e \u00e0 une seule journ\u00e9e (7 heures).<br>\n&nbsp;<br>Un enseignant de la conduite sp\u00e9cialement form\u00e9 sera responsable de\n l&rsquo;animation de chacune de ces journ\u00e9es. Le contenu de la formation, \n\u00e9labor\u00e9 par des sp\u00e9cialistes de la s\u00e9curit\u00e9 routi\u00e8re, fera l&rsquo;objet d&rsquo;un \narr\u00eat\u00e9 pour garantir un programme de formation homog\u00e8ne sur tout le \nterritoire.<\/p>\n\n\n\n<h2 class=\"wp-block-heading\">R\u00e9duction de la p\u00e9riode probatoire<\/h2>\n\n\n\n<p>\nDepuis 2003, le permis de conduire est probatoire et dot\u00e9 d&rsquo;un capital \nde 6 points \u00e0 son obtention. Une p\u00e9riode de 3 ann\u00e9es durant lesquelles \nle permis est cr\u00e9dit\u00e9 de 2 points tous les ans, \u00e0 condition bien s\u00fbr de \nne commettre aucune infraction entra\u00eenant un retrait de points, est \nindispensable pour que le conducteur gagne en maturit\u00e9 et obtienne ses \n12 points.<br>\n&nbsp;<br>\nCette p\u00e9riode probatoire est plus courte pour ceux qui ont opt\u00e9 pour la \nconduite accompagn\u00e9e (apprentissage anticip\u00e9 de la conduite pour la \ncat\u00e9gorie B). Elle dure 2 ans au lieu de 3 ans avec r\u00e9cup\u00e9ration de 3 \npoints par an (voir encadr\u00e9 cas n\u00b01)<br>\n&nbsp;<br>\nAinsi, lorsque la formation post permis sera suivie, la p\u00e9riode \nprobatoire se verra r\u00e9duite de 3 \u00e0 2 ans pour le titulaire d&rsquo;un permis B\n traditionnel et de 2 ans \u00e0 1 an et demi pour un novice qui a suivi \nl&rsquo;apprentissage anticip\u00e9 de la conduite (AAC) pour la cat\u00e9gorie B (voir \nencadr\u00e9 cas n\u00b02).<br>\n&nbsp;<br>Pour Emmanuel Barbe, d\u00e9l\u00e9gu\u00e9 interminist\u00e9riel \u00e0 la s\u00e9curit\u00e9 \nrouti\u00e8re, \u00ab Cette possibilit\u00e9 nouvelle pour les conducteurs novices \nd&rsquo;atteindre plus rapidement le nombre maximal de points sur leur permis \nen \u00e9change d&rsquo;une r\u00e9flexion concr\u00e8te et personnalis\u00e9e sur leur conduite \nest une v\u00e9ritable avanc\u00e9e. Elle participe, avec le concours actif des \n\u00e9coles de conduite, \u00e0 la mise en place d&rsquo;une nouvelle g\u00e9n\u00e9ration de \nconducteurs jeunes, matures et responsables. \u00bb<\/p>\n\n\n\n<figure class=\"wp-block-image\"><img decoding=\"async\" src=\"http:\/\/www.securite-routiere.gouv.fr\/var\/rout\/storage\/images\/media\/fichiers\/communiques-de-presse\/infographie-cas-1-permis-probatoire2\/364314-1-fre-FR\/infographie-cas-1-permis-probatoire_reference.jpg\" alt=\"INFOGRAPHIE CAS 1\/ - PERMIS PROBATOIRE \"\/><\/figure>\n\n\n\n<p><a href=\"http:\/\/www.securite-routiere.gouv.fr\/content\/download\/38219\/364300\/file\/Infographie_cas1_conduite_accompagnee.jpg\">INFOGRAPHIE CAS 1 &#8211; PERMIS PROBATOIRE <\/a><\/p>\n\n\n\n<figure class=\"wp-block-image\"><img decoding=\"async\" src=\"http:\/\/www.securite-routiere.gouv.fr\/var\/rout\/storage\/images\/media\/fichiers\/communiques-de-presse\/infographie-cas-2-permis-probatoire\/364322-1-fre-FR\/infographie-cas-2-permis-probatoire_reference.jpg\" alt=\"INFOGRAPHIE CAS 2\/ - PERMIS PROBATOIRE \"\/><\/figure>\n\n\n\n<p><a href=\"http:\/\/www.securite-routiere.gouv.fr\/content\/download\/38223\/364330\/file\/Infographie_cas2_conduite_accompagnee.jpg\">INFOGRAPHIE CAS 2 &#8211; PERMIS PROBATOIRE <\/a><\/p>\n\n\n\n<h2 class=\"wp-block-heading\">Chiffres cl\u00e9s &#8211; Les conducteurs novices et le risque routier<\/h2>\n\n\n\n<p>\nLes conducteurs novices d\u00e9signent les conducteurs dont l&rsquo;anciennet\u00e9 du \npermis de conduire est inf\u00e9rieure \u00e0 2 ans. Les conducteurs novices \nappartiennent le plus souvent \u00e0 la classe d&rsquo;\u00e2ge 18-24 ans mais \nl&rsquo;apprentissage de la conduite ou la reprise peuvent s&rsquo;effectuer plus \ntardivement (25-44 ans).<br>\n&nbsp;<br>\nEn 2016, sur les 13 012 accidents corporels, 6 377 personnes ont \u00e9t\u00e9 \nbless\u00e9es et hospitalis\u00e9es plus de 24h et 718 personnes sont d\u00e9c\u00e9d\u00e9es \ndans un accident impliquant un conducteur novice, 325 sont des novices \net 393 d&rsquo;autres usagers. Cette sinistralit\u00e9 repr\u00e9sente 21% de la \nmortalit\u00e9 routi\u00e8re (sur les 3 477 tu\u00e9s).<br>\n&nbsp;<br>\nEn 2016, 58% des conducteurs novices tu\u00e9s ont entre 18 et 24 ans (tout \nmode), soit 189 tu\u00e9s parmi lesquels 144 conducteurs de voiture de \ntourisme.<br>\n&nbsp;<br>En l&rsquo;espace de cinq ans (donn\u00e9es cumul\u00e9es de 2012 \u00e0 2016) : parmi \nles 3 831 personnes tu\u00e9es dans un accident impliquant un conducteur \nnovice, 1 003 \u00e9taient des conducteurs novices \u00e2g\u00e9s de 18 \u00e0 24 ans (tout \nmode), dont 740 conducteurs de v\u00e9hicule de tourisme.<\/p>\n\n\n\n<p>\n<strong>Des pics d&rsquo;accidentalit\u00e9 durant les tout premiers mois de la \np\u00e9riode probatoire : le sentiment de sur confiance comme principal \n\u00e9cueil des novices<\/strong><br>Un pic important d&rsquo;accidentalit\u00e9 est \nenregistr\u00e9 par l&rsquo;ONISR concernant les conducteurs novices dans les six \npremiers mois apr\u00e8s l&rsquo;obtention de leur permis de conduire. Le risque \nd&rsquo;\u00eatre impliqu\u00e9 dans un accident mortel est multipli\u00e9 par 2 dans les \ntrois premiers mois et de 1,5 dans les trois mois suivant (4e au 6e \nmois) par rapport au dernier trimestre de la p\u00e9riode probatoire. L&rsquo;ONISR\n note que c&rsquo;est \u00e0 19 ans que les automobilistes novices s&rsquo;exposent le \nplus aux risques en cause en raison d&rsquo;un sentiment de surpuissance.<\/p>\n\n\n\n<p>\n<strong>Conduite sous l&#8217;emprise de l&rsquo;alcool et\/ou de stup\u00e9fiants : marqueurs importants de l&rsquo;accidentalit\u00e9 des conducteurs novices<\/strong><br><em>Le risque \u00ab\u00a0alcool\u00a0\u00bb<\/em><\/p>\n\n\n\n<ul><li>En 2016, pr\u00e8s d&rsquo;un quart (24%) de l&rsquo;ensemble des jeunes conducteurs \nde 18-24 ans (tout mode), impliqu\u00e9s dans un accident mortel, \u00e9taient \nalcoolis\u00e9s.<\/li><li>En cinq ans (2012\/2016), ce sont 566 conducteurs novices de voiture \nde tourisme dont le taux d&rsquo;alcool est sup\u00e9rieur au seuil l\u00e9gal de 0,5 \ng\/l de sang qui sont morts dans un accident de la route, soit 28% contre\n 26% pour les conducteurs exp\u00e9riment\u00e9s.<\/li><\/ul>\n\n\n\n<p><em>Le risque \u00ab\u00a0stup\u00e9fiants\u00a0\u00bb<\/em><\/p>\n\n\n\n<ul><li>En 2016, 20% de l&rsquo;ensemble des conducteurs \u00e2g\u00e9s de 18 \u00e0 24 ans, \nimpliqu\u00e9s dans un accident mortel, ont \u00e9t\u00e9 contr\u00f4l\u00e9s positif \u00e0 au moins \nun stup\u00e9fiant.<\/li><li>En cinq ans (2012\/2016), ce sont 393 conducteurs novices de voiture \ncontr\u00f4l\u00e9s positif \u00e0 l&rsquo;usage de stup\u00e9fiants au volant qui ont \u00e9t\u00e9 \nimpliqu\u00e9s dans un accident mortel de la route, soit 23% contre 19% pour \nles conducteurs exp\u00e9riment\u00e9s.<\/li><\/ul>\n\n\n\n<h2 class=\"wp-block-heading\">Rappel sur les principales voies d&rsquo;apprentissage de la conduite<\/h2>\n\n\n\n<ul><li><strong>L&rsquo;Apprentissage anticip\u00e9 de la conduite (AAC)<\/strong><\/li><\/ul>\n\n\n\n<p>Acc\u00e8s d\u00e8s 15 ans et plus, d\u00e8s le code obtenu, un(e) \naccompagnateur(trice) trouv\u00e9(e) et l&rsquo;attestation d&rsquo;assurance, il faudra \nrouler au moins 3 000 kilom\u00e8tres pendant au moins un an avant le passage\n de l&rsquo;\u00e9preuve pratique.<\/p>\n\n\n\n<ul><li><strong>La formule \u00ab\u00a0Conduite supervis\u00e9e\u00a0\u00bb<\/strong><\/li><\/ul>\n\n\n\n<p>Accessible d\u00e8s 18 ans et plus, apr\u00e8s un \u00e9chec ou avec l&rsquo;envie de \ns&rsquo;aguerrir un peu plus \u00e0 la conduite, d\u00e8s le code obtenu, un(e) \naccompagnateur(trice) trouv\u00e9(e), l&rsquo;attestation d&rsquo;assurance et un \nrendez-vous p\u00e9dagogique pour conduire.<\/p>\n\n\n\n<ul><li><strong>La formule \u00ab\u00a0Conduite encadr\u00e9e\u00a0\u00bb<\/strong><\/li><\/ul>\n\n\n\n<p> Accessible d\u00e8s 16 ans minimum, cette fili\u00e8re est r\u00e9serv\u00e9e aux \u00e9l\u00e8ves  pr\u00e9parant un dipl\u00f4me professionnel menant aux m\u00e9tiers de la route, une  fois le code et l&rsquo;\u00e9preuve pratique obtenus, sous r\u00e9serve de  l&rsquo;autorisation de l&rsquo;assureur et de conduire avec un accompagnateur toute  la dur\u00e9e des \u00e9tudes jusqu&rsquo;\u00e0 18 ans r\u00e9volu.<br>                            <a rel=\"noreferrer noopener\" href=\"http:\/\/www.securite-routiere.gouv.fr\/%20http:\/\/www.securite-routiere.gouv.fr\/medias\/documentation\/guides-et-depliants\/permis-de-conduire-education-routiere\" target=\"_blank\">Flyer \u00ab\u00a0Avec la conduite accompagn\u00e9e mon permis d\u00e9marre bien\u00a0\u00bb<\/a><\/p>\n\n\n\n<figure class=\"wp-block-image size-full\"><img loading=\"lazy\" decoding=\"async\" width=\"800\" height=\"472\" src=\"https:\/\/auto-ecole-loiret.com\/wp-content\/uploads\/2022\/05\/auto-ecole-facility-conduite-ecole-de-conduite-labellisee-stage-post-permis-3_lightbox-2.png\" alt=\"\" class=\"wp-image-1102\" srcset=\"https:\/\/auto-ecole-loiret.com\/wp-content\/uploads\/2022\/05\/auto-ecole-facility-conduite-ecole-de-conduite-labellisee-stage-post-permis-3_lightbox-2.png 800w, https:\/\/auto-ecole-loiret.com\/wp-content\/uploads\/2022\/05\/auto-ecole-facility-conduite-ecole-de-conduite-labellisee-stage-post-permis-3_lightbox-2-300x177.png 300w, https:\/\/auto-ecole-loiret.com\/wp-content\/uploads\/2022\/05\/auto-ecole-facility-conduite-ecole-de-conduite-labellisee-stage-post-permis-3_lightbox-2-768x453.png 768w\" sizes=\"(max-width: 800px) 100vw, 800px\" \/><\/figure>\n","protected":false},"excerpt":{"rendered":"<p>Au 1er janvier 2019, r\u00e9duction du d\u00e9lai probatoire pour les titulaires d&rsquo;un 1er permis de conduire qui auront suivi une formation compl\u00e9mentaire&#8230; 23 ao\u00fbt 2018 En 2016, les conducteurs novices sont impliqu\u00e9s dans un quart des accidents de la route ayant entra\u00een\u00e9 des blessures ou la mort. 144 d&rsquo;entre eux y ont perdu la vie. [&hellip;]<\/p>\n","protected":false},"author":3,"featured_media":0,"parent":0,"menu_order":0,"comment_status":"closed","ping_status":"closed","template":"","meta":{"footnotes":""},"_links":{"self":[{"href":"https:\/\/auto-ecole-loiret.com\/index.php?rest_route=\/wp\/v2\/pages\/707"}],"collection":[{"href":"https:\/\/auto-ecole-loiret.com\/index.php?rest_route=\/wp\/v2\/pages"}],"about":[{"href":"https:\/\/auto-ecole-loiret.com\/index.php?rest_route=\/wp\/v2\/types\/page"}],"author":[{"embeddable":true,"href":"https:\/\/auto-ecole-loiret.com\/index.php?rest_route=\/wp\/v2\/users\/3"}],"replies":[{"embeddable":true,"href":"https:\/\/auto-ecole-loiret.com\/index.php?rest_route=%2Fwp%2Fv2%2Fcomments&post=707"}],"version-history":[{"count":6,"href":"https:\/\/auto-ecole-loiret.com\/index.php?rest_route=\/wp\/v2\/pages\/707\/revisions"}],"predecessor-version":[{"id":1103,"href":"https:\/\/auto-ecole-loiret.com\/index.php?rest_route=\/wp\/v2\/pages\/707\/revisions\/1103"}],"wp:attachment":[{"href":"https:\/\/auto-ecole-loiret.com\/index.php?rest_route=%2Fwp%2Fv2%2Fmedia&parent=707"}],"curies":[{"name":"wp","href":"https:\/\/api.w.org\/{rel}","templated":true}]}}