{"id":708,"date":"2019-03-27T15:55:35","date_gmt":"2019-03-27T15:55:35","guid":{"rendered":"https:\/\/auto-ecole-loiret.com\/?page_id=708"},"modified":"2024-07-07T16:48:34","modified_gmt":"2024-07-07T16:48:34","slug":"label-qualite","status":"publish","type":"page","link":"https:\/\/auto-ecole-loiret.com\/?page_id=708","title":{"rendered":"Label Qualit\u00e9"},"content":{"rendered":"\n<h2 class=\"wp-block-heading\" id=\"mce_0\">Le label Qualit\u00e9 des formations au sein des \u00e9coles de conduite<\/h2>\n\n\n\n<p>Synonyme de libert\u00e9 d&rsquo;autonomie mais aussi d&#8217;emploi, le permis de  conduire est le premier examen de France. Bien choisir son \u00e9cole de  conduite est une n\u00e9cessit\u00e9 pour les candidats au permis de conduire mais  aussi pour leurs parents qui souvent financent leur formation.<br> Le label Qualit\u00e9 des formations au sein des \u00e9coles de conduite r\u00e9pond \u00e0  cette exigence. Ce label a vu le jour par d\u00e9cret du 26 f\u00e9vrier 2018,  apr\u00e8s plusieurs mois de concertation entre les organisations  professionnelles de la conduite et les services de la d\u00e9l\u00e9gation \u00e0 la  s\u00e9curit\u00e9 routi\u00e8re au sein du Conseil sup\u00e9rieur de l&rsquo;\u00e9ducation routi\u00e8re  repr\u00e9sentant l&rsquo;\u00c9tat.<br> Valid\u00e9 par le Conseil national de l&#8217;emploi, de la formation et de  l&rsquo;orientation professionnelle (CNEFOP), le label garantit aux \u00e9l\u00e8ves  conducteurs toutes les conditions d&rsquo;un enseignement de qualit\u00e9.<br>Outre  une information compl\u00e8te et transparente sur les r\u00e9sultats obtenus aux  examens du code et de la conduite, l&rsquo;\u00e9cole de conduite affichant ce  label s&rsquo;engage \u00e0 d\u00e9livrer une information compl\u00e8te aux stagiaires, \u00e0  proposer des moyens p\u00e9dagogiques, techniques et d&rsquo;encadrement \u00e0 la  hauteur de l&rsquo;offre et \u00e0 former en continu les enseignants de la  conduite. L&rsquo;engagement des \u00e9coles de conduite labellis\u00e9es leur donne  l&rsquo;exclusivit\u00e9 sur des formations particuli\u00e8res : <\/p>\n\n\n\n<ul><li>la formation post permis pour parfaire sa formation et corriger ses imperfections apr\u00e8s 6 mois de conduite ;<\/li><li>la formation au permis B dans le cadre du dispositif \u00ab\u00a0permis \u00e0 un  euro par jour\u00a0\u00bb qui a d\u00e9j\u00e0 b\u00e9n\u00e9fici\u00e9 \u00e0 plus d&rsquo;un million de jeunes depuis  sa cr\u00e9ation en 2005 ;<\/li><li>la formation indispensable aux titulaires du permis B ayant pass\u00e9  l&rsquo;examen de la conduite sur une bo\u00eete automatique pour conduire un  v\u00e9hicule \u00e0 bo\u00eete de vitesses manuelle ;<\/li><li>la formation pour les titulaires du permis B demandant \u00e0 conduire un v\u00e9hicule tracteur attel\u00e9 \u00e0 une remorque.<\/li><\/ul>\n\n\n\n<p> <\/p>\n\n\n\n<p>D\u00e9livr\u00e9 par le pr\u00e9fet du lieu d&rsquo;implantation de l&rsquo;\u00e9cole de conduite,  le label est valable trois ann\u00e9es. Il est reconductible et soumis  r\u00e9guli\u00e8rement \u00e0 des contr\u00f4les effectu\u00e9s par des inspecteurs du permis de  conduire sp\u00e9cialement mandat\u00e9s pour ces audits. Toutes les \u00e9coles de  conduite labellis\u00e9es seront visibles sur le site Internet de la S\u00e9curit\u00e9  routi\u00e8re. <\/p>\n\n\n\n<h2 class=\"wp-block-heading\"><strong>Dans un souci de vous proposer des prestations de qualit\u00e9 , votre \u00e9cole de conduite C-Permis a obtenu la labellisation : <\/strong><\/h2>\n\n\n\n<p><\/p>\n\n\n\n<p style=\"text-align:center\" class=\"has-medium-font-size\"><strong>\u00ab\u00a0Qualit\u00e9 des Formations au sein des \u00e9coles de conduite<\/strong>\u00ab\u00a0<\/p>\n\n\n\n<p><\/p>\n\n\n\n<p class=\"has-medium-font-size\"><strong>Ce label &#8211; d\u00e9livr\u00e9 par le minist\u00e8re de l&rsquo;Int\u00e9rieur et la pr\u00e9fecture du Loiret &#8211; atteste de la qualit\u00e9 des diff\u00e9rentes prestations propos\u00e9es par notre \u00e9tablissement.<\/strong><\/p>\n\n\n\n<p><strong> <\/strong>Les crit\u00e8res que doivent remplir les auto-\u00e9coles labellis\u00e9es sont au nombre de 23. Ils reprennent les six crit\u00e8res fix\u00e9s par le d\u00e9cret n\u00b02015-790 du 30 juin\u00a02015, \u00e0 savoir :<\/p>\n\n\n\n<ol><li>L\u2019identification pr\u00e9cise des objectifs de la formation et son adaptation au public form\u00e9 ;<\/li><li>L\u2019adaptation des dispositifs d\u2019accueil, de suivi p\u00e9dagogique et d\u2019\u00e9valuation aux publics de stagiaires ;<\/li><li>L\u2019ad\u00e9quation des moyens p\u00e9dagogiques, techniques et d\u2019encadrement \u00e0 l\u2019offre de formation ;<\/li><li>La qualification professionnelle et la formation continue des personnels charg\u00e9s des formations ;<\/li><li>Les conditions d\u2019information du public sur l\u2019offre de formation, ses d\u00e9lais d\u2019acc\u00e8s et les r\u00e9sultats obtenus ;<\/li><li>La prise en compte des appr\u00e9ciations rendues par les stagiaires.<\/li><\/ol>\n\n\n\n<p><\/p>\n\n\n\n<div class=\"wp-block-image\"><figure class=\"aligncenter\"><img loading=\"lazy\" decoding=\"async\" width=\"240\" height=\"240\" src=\"https:\/\/auto-ecole-loiret.com\/wp-content\/uploads\/2019\/05\/label-qualite-2019-240.jpg\" alt=\"\" class=\"wp-image-908\" srcset=\"https:\/\/auto-ecole-loiret.com\/wp-content\/uploads\/2019\/05\/label-qualite-2019-240.jpg 240w, https:\/\/auto-ecole-loiret.com\/wp-content\/uploads\/2019\/05\/label-qualite-2019-240-150x150.jpg 150w\" sizes=\"(max-width: 240px) 100vw, 240px\" \/><\/figure><\/div>\n","protected":false},"excerpt":{"rendered":"<p>Le label Qualit\u00e9 des formations au sein des \u00e9coles de conduite Synonyme de libert\u00e9 d&rsquo;autonomie mais aussi d&#8217;emploi, le permis de conduire est le premier examen de France. Bien choisir son \u00e9cole de conduite est une n\u00e9cessit\u00e9 pour les candidats au permis de conduire mais aussi pour leurs parents qui souvent financent leur formation. Le [&hellip;]<\/p>\n","protected":false},"author":4,"featured_media":0,"parent":0,"menu_order":0,"comment_status":"closed","ping_status":"closed","template":"","meta":{"footnotes":""},"_links":{"self":[{"href":"https:\/\/auto-ecole-loiret.com\/index.php?rest_route=\/wp\/v2\/pages\/708"}],"collection":[{"href":"https:\/\/auto-ecole-loiret.com\/index.php?rest_route=\/wp\/v2\/pages"}],"about":[{"href":"https:\/\/auto-ecole-loiret.com\/index.php?rest_route=\/wp\/v2\/types\/page"}],"author":[{"embeddable":true,"href":"https:\/\/auto-ecole-loiret.com\/index.php?rest_route=\/wp\/v2\/users\/4"}],"replies":[{"embeddable":true,"href":"https:\/\/auto-ecole-loiret.com\/index.php?rest_route=%2Fwp%2Fv2%2Fcomments&post=708"}],"version-history":[{"count":8,"href":"https:\/\/auto-ecole-loiret.com\/index.php?rest_route=\/wp\/v2\/pages\/708\/revisions"}],"predecessor-version":[{"id":909,"href":"https:\/\/auto-ecole-loiret.com\/index.php?rest_route=\/wp\/v2\/pages\/708\/revisions\/909"}],"wp:attachment":[{"href":"https:\/\/auto-ecole-loiret.com\/index.php?rest_route=%2Fwp%2Fv2%2Fmedia&parent=708"}],"curies":[{"name":"wp","href":"https:\/\/api.w.org\/{rel}","templated":true}]}}