{"id":709,"date":"2019-03-27T15:55:35","date_gmt":"2019-03-27T15:55:35","guid":{"rendered":"https:\/\/auto-ecole-loiret.com\/?page_id=709"},"modified":"2024-07-07T16:48:34","modified_gmt":"2024-07-07T16:48:34","slug":"les-enjeux-de-la-formation","status":"publish","type":"page","link":"https:\/\/auto-ecole-loiret.com\/?page_id=709","title":{"rendered":"Les enjeux de la formation"},"content":{"rendered":"\n<p>L\u2019obtention du permis de conduire est devenue un outil social indispensable pour une tr\u00e8s grande partie des jeunes de notre soci\u00e9t\u00e9. Au-del\u00e0 du plaisir de conduire, l\u2019utilisation d\u2019un v\u00e9hicule est souvent indispensable pour les \u00e9tudes, le travail ou les loisirs.  L\u2019objectif principal  est d\u2019amener tout \u00e9l\u00e8ve vers la r\u00e9ussite, en transmettant \u00e0 chacun la ma\u00eetrise de comp\u00e9tences en termes de savoir-\u00eatre, savoirs, savoir-faire et savoir-devenir.                                                                      Apprendre \u00e0 conduire est une d\u00e9marche \u00e9ducative exigeante devant \u00eatre prise au s\u00e9rieux et avec assiduit\u00e9.  <\/p>\n\n\n\n<p>La formation doit permettre \u00e0 tout usager : <\/p>\n\n\n\n<ul><li>de prendre conscience de facteurs de risques ;<\/li><li>de comprendre les interactions entre ces facteurs ;<\/li><li>de prendre en compte lors de la conduite de ses capacit\u00e9s et de ses limites ;<\/li><li>d&rsquo;adopter une conduite apais\u00e9e ;<\/li><li>de comprendre l&rsquo;interaction entre l&rsquo;homme\/le v\u00e9hicule\/l&rsquo;environnement.<\/li><\/ul>\n\n\n\n<p><\/p>\n\n\n\n<p>La formation facilite :<\/p>\n\n\n\n<ul><li>la m\u00e9morisation des r\u00e8gles ;<\/li><li>l&rsquo;assimilation des r\u00e8gles et des comportements ;<\/li><li>la compr\u00e9hension, notamment avec l&rsquo;alternance entre la th\u00e9orie et la pratique qui permet de mettre en pratique sur la route les connaissances acquises ;<\/li><li>les transferts des connaissances vers les savoir-faire et inversement.<\/li><\/ul>\n","protected":false},"excerpt":{"rendered":"<p>L\u2019obtention du permis de conduire est devenue un outil social indispensable pour une tr\u00e8s grande partie des jeunes de notre soci\u00e9t\u00e9. Au-del\u00e0 du plaisir de conduire, l\u2019utilisation d\u2019un v\u00e9hicule est souvent indispensable pour les \u00e9tudes, le travail ou les loisirs. L\u2019objectif principal est d\u2019amener tout \u00e9l\u00e8ve vers la r\u00e9ussite, en transmettant \u00e0 chacun la ma\u00eetrise [&hellip;]<\/p>\n","protected":false},"author":4,"featured_media":0,"parent":0,"menu_order":0,"comment_status":"closed","ping_status":"closed","template":"","meta":{"footnotes":""},"_links":{"self":[{"href":"https:\/\/auto-ecole-loiret.com\/index.php?rest_route=\/wp\/v2\/pages\/709"}],"collection":[{"href":"https:\/\/auto-ecole-loiret.com\/index.php?rest_route=\/wp\/v2\/pages"}],"about":[{"href":"https:\/\/auto-ecole-loiret.com\/index.php?rest_route=\/wp\/v2\/types\/page"}],"author":[{"embeddable":true,"href":"https:\/\/auto-ecole-loiret.com\/index.php?rest_route=\/wp\/v2\/users\/4"}],"replies":[{"embeddable":true,"href":"https:\/\/auto-ecole-loiret.com\/index.php?rest_route=%2Fwp%2Fv2%2Fcomments&post=709"}],"version-history":[{"count":3,"href":"https:\/\/auto-ecole-loiret.com\/index.php?rest_route=\/wp\/v2\/pages\/709\/revisions"}],"predecessor-version":[{"id":735,"href":"https:\/\/auto-ecole-loiret.com\/index.php?rest_route=\/wp\/v2\/pages\/709\/revisions\/735"}],"wp:attachment":[{"href":"https:\/\/auto-ecole-loiret.com\/index.php?rest_route=%2Fwp%2Fv2%2Fmedia&parent=709"}],"curies":[{"name":"wp","href":"https:\/\/api.w.org\/{rel}","templated":true}]}}