{"id":710,"date":"2019-03-27T15:55:35","date_gmt":"2019-03-27T15:55:35","guid":{"rendered":"https:\/\/auto-ecole-loiret.com\/?page_id=710"},"modified":"2024-09-19T14:14:49","modified_gmt":"2024-09-19T14:14:49","slug":"evaluation","status":"publish","type":"page","link":"https:\/\/auto-ecole-loiret.com\/?page_id=710","title":{"rendered":"Evaluation"},"content":{"rendered":"\n<p><em>L&rsquo;\u00e9valuation de d\u00e9part se r\u00e9alise \navant la signature du contrat, elle permet de d\u00e9finir le nombre d\u2019heures\n de conduite pr\u00e9visionnelle et de vous orienter vers la formule la plus \nad\u00e9quate \u00e0 vos capacit\u00e9s d&rsquo;apprentissage de la conduite.<\/em><\/p>\n\n\n\n<p><em>L\u2019\u00e9valuation est r\u00e9alis\u00e9e sur tablette via un logiciel d\u00e9di\u00e9 et dure approximativement 45 minutes et permettra de d\u00e9terminer en mati\u00e8re de  conduite, votre motivation, votre prise de conscience\u00a0 face au\u00a0risque  li\u00e9 \u00e0 la conduite, \u00a0votre habilet\u00e9 dans la manipulation d\u2019une voiture ou d&rsquo;une motocyclette.<\/em><\/p>\n\n\n\n<p><em>Pour certains dossiers sp\u00e9cifiques, l&rsquo;\u00e9valuation peut \u00eatre r\u00e9alis\u00e9e en version dynamique sur v\u00e9hicule<\/em>. <em>Sa dur\u00e9e sera approximativement de 45 minutes \u00e9galement.<\/em><\/p>\n\n\n\n<p><em>L\u2019int\u00e9r\u00eat de l&rsquo;\u00e9valuation est&nbsp;de \nconnaitre vos points forts, les points \u00e0 am\u00e9liorer lors de votre \nformation et d&rsquo;estimer le budget de votre formation. &nbsp;<\/em><\/p>\n\n\n\n<p><em>Elle est r\u00e9alis\u00e9e avec des outils p\u00e9dagogiques certifi\u00e9s et modernes afin de mettre le plus possible en confiance le client.&nbsp;<\/em><\/p>\n\n\n\n<p><em>L\u2019\u00e9valuation est totalement SANS ENGAGEMENT.<\/em><\/p>\n\n\n\n<p><em>Au terme de l\u2019\u00e9valuation, nous \nvous remettons un bilan complet qui permettra de choisir la&nbsp;formation \nqui vous conviendra le mieux. Libre \u00e0 vous ensuite de vous inscrire ou \nnon dans notre agence.&nbsp;<\/em><\/p>\n\n\n\n<p><em>Cette \u00e9valuation est tr\u00e8s objective , car &nbsp;la d\u00e9termination du nombre d&rsquo;heures est r\u00e9alis\u00e9 par un ordinateur.<\/em><\/p>\n\n\n\n<p><em>Le &nbsp;test d\u00a0\u00bb\u00e9valuation pr\u00e9alable  est obligatoire mais ne vous engage en rien \u00e0 l&rsquo;auto-\u00e9cole, &nbsp;il vous est  toujours possible de vous inscrire &nbsp;dans un autre \u00e9tablissement.  L&rsquo;inscription d\u00e9finitive au permis de conduire quelle que soit la cat\u00e9gorie, ne peut \u00eatre faite  qu&rsquo;&nbsp;apr\u00e8s&nbsp;l&rsquo;\u00e9valuation de d\u00e9part.<\/em><\/p>\n\n\n\n<p><\/p>\n\n\n\n<p><strong>Est-on oblig\u00e9 de faire le nombre de le\u00e7ons indiqu\u00e9 par l\u2019\u00e9valuation ?<\/strong><\/p>\n\n\n\n<p>I<em>l s&rsquo;agit d&rsquo;un volume pr\u00e9visionnel, qui n&rsquo;engage donc aucun des contractants.<br>Au  fil de la formation, en fonction du r\u00e9sultat des quatre \u00e9valuations  interm\u00e9diaires (dites comp\u00e9tences), on peut tr\u00e8s bien constater une  sous-\u00e9valuation ou au contraire une sur\u00e9valuation. Une \u00ab\u00a0correction\u00a0\u00bb est  en cons\u00e9quence parfaitement envisageable.<br><\/em><\/p>\n","protected":false},"excerpt":{"rendered":"<p>L&rsquo;\u00e9valuation de d\u00e9part se r\u00e9alise avant la signature du contrat, elle permet de d\u00e9finir le nombre d\u2019heures de conduite pr\u00e9visionnelle et de vous orienter vers la formule la plus ad\u00e9quate \u00e0 vos capacit\u00e9s d&rsquo;apprentissage de la conduite. L\u2019\u00e9valuation est r\u00e9alis\u00e9e sur tablette via un logiciel d\u00e9di\u00e9 et dure approximativement 45 minutes et permettra de d\u00e9terminer [&hellip;]<\/p>\n","protected":false},"author":4,"featured_media":0,"parent":0,"menu_order":0,"comment_status":"closed","ping_status":"closed","template":"","meta":{"footnotes":""},"_links":{"self":[{"href":"https:\/\/auto-ecole-loiret.com\/index.php?rest_route=\/wp\/v2\/pages\/710"}],"collection":[{"href":"https:\/\/auto-ecole-loiret.com\/index.php?rest_route=\/wp\/v2\/pages"}],"about":[{"href":"https:\/\/auto-ecole-loiret.com\/index.php?rest_route=\/wp\/v2\/types\/page"}],"author":[{"embeddable":true,"href":"https:\/\/auto-ecole-loiret.com\/index.php?rest_route=\/wp\/v2\/users\/4"}],"replies":[{"embeddable":true,"href":"https:\/\/auto-ecole-loiret.com\/index.php?rest_route=%2Fwp%2Fv2%2Fcomments&post=710"}],"version-history":[{"count":8,"href":"https:\/\/auto-ecole-loiret.com\/index.php?rest_route=\/wp\/v2\/pages\/710\/revisions"}],"predecessor-version":[{"id":1154,"href":"https:\/\/auto-ecole-loiret.com\/index.php?rest_route=\/wp\/v2\/pages\/710\/revisions\/1154"}],"wp:attachment":[{"href":"https:\/\/auto-ecole-loiret.com\/index.php?rest_route=%2Fwp%2Fv2%2Fmedia&parent=710"}],"curies":[{"name":"wp","href":"https:\/\/api.w.org\/{rel}","templated":true}]}}