{"id":818,"date":"2019-05-09T15:42:13","date_gmt":"2019-05-09T15:42:13","guid":{"rendered":"https:\/\/auto-ecole-loiret.com\/?page_id=818"},"modified":"2024-07-07T16:48:34","modified_gmt":"2024-07-07T16:48:34","slug":"les-enjeux-de-la-formation-2","status":"publish","type":"page","link":"https:\/\/auto-ecole-loiret.com\/?page_id=818","title":{"rendered":"Les enjeux de la formation"},"content":{"rendered":"\n<p>La dimension sociale de l\u2019usage de la motocyclette, au m\u00eame\ntitre que l\u2019automobile, se d\u00e9veloppe fortement. Au-del\u00e0 du plaisir de conduire\net des loisirs, il devient aussi un outil pratique de d\u00e9placement pour les\n\u00e9tudes, le travail, etc.<\/p>\n\n\n\n<p>Les\nconducteurs de motocyclettes sont largement sur-expos\u00e9s pour ce qui est du\nrisque routier.<\/p>\n\n\n\n<p>L\u2019effort\nde renforcement de l\u2019\u00e9ducation et de la formation \u00e0 la conduite de ce type de\nv\u00e9hicule doit donc \u00eatre poursuivi.<\/p>\n\n\n\n<p>L\u2019objectif\ng\u00e9n\u00e9ral de la formation est d\u2019amener tout conducteur \u00e0 la ma\u00eetrise de\ncomp\u00e9tences en termes de savoirs, savoir-\u00eatre, savoir-faire, et savoir-devenir.\n\nApprendre \u00e0 conduire une motocyclette est une\nd\u00e9marche \u00e9ducative exigeante et ce livret va vous guider dans votre progression\navec l\u2019aide de votre formateur, enseignant dipl\u00f4m\u00e9 de la s\u00e9curit\u00e9 routi\u00e8re.\n\n\n\n<\/p>\n","protected":false},"excerpt":{"rendered":"<p>La dimension sociale de l\u2019usage de la motocyclette, au m\u00eame titre que l\u2019automobile, se d\u00e9veloppe fortement. Au-del\u00e0 du plaisir de conduire et des loisirs, il devient aussi un outil pratique de d\u00e9placement pour les \u00e9tudes, le travail, etc. Les conducteurs de motocyclettes sont largement sur-expos\u00e9s pour ce qui est du risque routier. L\u2019effort de renforcement [&hellip;]<\/p>\n","protected":false},"author":4,"featured_media":0,"parent":0,"menu_order":0,"comment_status":"closed","ping_status":"closed","template":"","meta":{"footnotes":""},"_links":{"self":[{"href":"https:\/\/auto-ecole-loiret.com\/index.php?rest_route=\/wp\/v2\/pages\/818"}],"collection":[{"href":"https:\/\/auto-ecole-loiret.com\/index.php?rest_route=\/wp\/v2\/pages"}],"about":[{"href":"https:\/\/auto-ecole-loiret.com\/index.php?rest_route=\/wp\/v2\/types\/page"}],"author":[{"embeddable":true,"href":"https:\/\/auto-ecole-loiret.com\/index.php?rest_route=\/wp\/v2\/users\/4"}],"replies":[{"embeddable":true,"href":"https:\/\/auto-ecole-loiret.com\/index.php?rest_route=%2Fwp%2Fv2%2Fcomments&post=818"}],"version-history":[{"count":2,"href":"https:\/\/auto-ecole-loiret.com\/index.php?rest_route=\/wp\/v2\/pages\/818\/revisions"}],"predecessor-version":[{"id":827,"href":"https:\/\/auto-ecole-loiret.com\/index.php?rest_route=\/wp\/v2\/pages\/818\/revisions\/827"}],"wp:attachment":[{"href":"https:\/\/auto-ecole-loiret.com\/index.php?rest_route=%2Fwp%2Fv2%2Fmedia&parent=818"}],"curies":[{"name":"wp","href":"https:\/\/api.w.org\/{rel}","templated":true}]}}