{"id":918,"date":"2019-05-28T15:21:19","date_gmt":"2019-05-28T15:21:19","guid":{"rendered":"https:\/\/auto-ecole-loiret.com\/?page_id=918"},"modified":"2025-03-04T13:18:43","modified_gmt":"2025-03-04T13:18:43","slug":"formation-l5e-equivalence-125-cm3","status":"publish","type":"page","link":"https:\/\/auto-ecole-loiret.com\/?page_id=918","title":{"rendered":"Formation L5e &#8211; \u00e9quivalence 125 cm3"},"content":{"rendered":"\n<p>Le&nbsp;<strong>permis B<\/strong>&nbsp;permet de\nconduire<strong>&nbsp;une moto 125 cm3 ou un v\u00e9hicule trois-roues&nbsp;<\/strong>suivant\nles conditions suivantes&nbsp;:<\/p>\n\n\n\n<h2 class=\"wp-block-heading\"><strong>Moto\/scooter 125 cm3<\/strong> : <\/h2>\n\n\n\n<p>Motocyclette l\u00e9g\u00e8re, manuelle ou automatique, et scooter de 50 \u00e0 125 cm3.<\/p>\n\n\n\n<p><strong>2 conditions\nobligatoires :<\/strong><\/p>\n\n\n\n<ul>\n<li>\u00catre titulaire du&nbsp;<strong>permis B depuis plus de 2 ans&nbsp;<\/strong>(formation accessible 1 mois avant la date d\u2019obtention du permis)<\/li>\n<\/ul>\n\n\n\n<ul>\n<li>Suivre la formation obligatoire sauf si vous avez acquis une exp\u00e9rience de conduite entre le 01\/01\/2006 et 31\/12\/2010 (attestation d\u2019exp\u00e9rience fournie par l\u2019assureur)<\/li>\n<\/ul>\n\n\n\n<p><\/p>\n\n\n\n<h2 class=\"wp-block-heading\"><strong>V\u00e9hicule trois-roues<\/strong> : <\/h2>\n\n\n\n<p>Tricycle \u00e0 moteur, cat\u00e9gorie L5e, sup\u00e9rieur \u00e0 50 cm3.<\/p>\n\n\n\n<p><strong>2 conditions\nobligatoires :<\/strong><\/p>\n\n\n\n<ul>\n<li>\u00catre titulaire du&nbsp;<strong>permis B depuis plus de 2 ans&nbsp;<\/strong>(formation accessible 1 mois avant la date d\u2019obtention du permis)<\/li>\n<\/ul>\n\n\n\n<ul>\n<li>Suivre la formation obligatoire<\/li>\n<\/ul>\n\n\n\n<p>En cas de contr\u00f4le, il sera n\u00e9cessaire de pr\u00e9senter soit, \u00ab&nbsp;l\u2019attestation de formation&nbsp;\u00bb, soit, \u00ab&nbsp;une attestation d\u2019exp\u00e9rience&nbsp;\u00bb fournie par votre compagnie d\u2019assurance (relev\u00e9 d\u2019information, attestant de l\u2019ant\u00e9riorit\u00e9 de la conduite de ce type d\u2019engin).<\/p>\n\n\n\n<h2 class=\"wp-block-heading\"><strong>Formation pratique<\/strong><\/h2>\n\n\n\n<p>Vous pouvez suivre la formation  d\u00e8s le mois avant la date anniversaire des 2 ans d&rsquo;obtention du permis B.<\/p>\n\n\n\n<p>La formation dure 7 heures et elle comprend les 3 modules suivants&nbsp;:<\/p>\n\n\n\n<figure class=\"wp-block-table\"><table><thead><tr><th>Module<\/th><th>Dur\u00e9e<\/th><th>Contenu<\/th><\/tr><\/thead><tbody><tr><td>Th\u00e9orique<\/td><td>2 heures<\/td><td>Analyse d&rsquo;accidents, conduite sous la pluie ou de nuit, \u00e9quipements en v\u00eatements protecteurs, etc.<\/td><\/tr><tr><td>Hors circulation<\/td><td>2 heures<\/td><td>D\u00e9couverte du v\u00e9hicule, savoir faire les v\u00e9rifications indispensables, etc.<\/td><\/tr><tr><td>En circulation, en et hors agglom\u00e9ration<\/td><td>3 heures<\/td><td>Adaptation de la vitesse aux situations, n\u00e9gociation d&rsquo;un virage, etc.<\/td><\/tr><\/tbody><\/table><\/figure>\n\n\n\n<p>\u00c0 l&rsquo;issue de la formation, vous recevez une attestation.<\/p>\n\n\n\n<p>En cas <a href=\"https:\/\/www.service-public.fr\/particuliers\/vosdroits\/F1704\">d&rsquo;invalidation<\/a> ou <a href=\"https:\/\/www.service-public.fr\/particuliers\/vosdroits\/F21774\">d&rsquo;annulation<\/a> du permis, le b\u00e9n\u00e9fice de la formation reste acquis.<\/p>\n\n\n\n<p style=\"font-size:17px\"><strong>Pour la formation \u00ab&nbsp;hors circulation&nbsp;\u00bb ou plus fr\u00e9quemment appel\u00e9e \u00ab&nbsp;plateau&nbsp;\u00bb, nous disposons d\u2019une piste priv\u00e9e&nbsp;(situ\u00e9e \u00e0 15 km&nbsp; soit \u00e0 15\/20 minutes de l\u2019agence) au 1625 route de Sandillon \u00e0 Saint Denis en Val. <\/strong><\/p>\n\n\n\n<p>Nous mettons \u00e0 votre disposition des toilettes et un local pour votre confort. Vous b\u00e9n\u00e9ficiez \u00e9galement d&rsquo;un parking priv\u00e9 gratuit pour les \u00e9l\u00e8ves moto, remorque, venant par leur propre moyens.<\/p>\n\n\n\n<h2 class=\"wp-block-heading\"><\/h2>\n\n\n\n<p><\/p>\n\n\n\n<p><\/p>\n\n\n\n<p><\/p>\n\n\n\n<h2 class=\"wp-block-heading\"><strong>Pi\u00e8ces \u00e0 fournir \u00e0 l&rsquo;inscription :<\/strong><\/h2>\n\n\n\n<p>Photocopie recto-verso de la carte d&rsquo;identit\u00e9 (de moins de 10 ans)  ou titre de s\u00e9jour <\/p>\n\n\n\n<p>Photocopie du permis de conduire recto-verso<\/p>\n\n\n\n<p>1 photo d&rsquo;identit\u00e9<\/p>\n\n\n\n<p><\/p>\n\n\n\n<p class=\"has-huge-font-size\"><\/p>\n\n\n\n<h2 class=\"wp-block-heading\"><strong>Forfait <\/strong>: <strong>349\u20ac   <\/strong><\/h2>\n\n\n\n<p>Frais d&rsquo;inscription<\/p>\n\n\n\n<p>Module th\u00e9orique<\/p>\n\n\n\n<p>Module hors circulation<\/p>\n\n\n\n<p>Module en circulation et hors agglom\u00e9ration<\/p>\n\n\n\n<p class=\"has-text-align-right has-large-font-size\"><\/p>\n","protected":false},"excerpt":{"rendered":"<p>Le&nbsp;permis B&nbsp;permet de conduire&nbsp;une moto 125 cm3 ou un v\u00e9hicule trois-roues&nbsp;suivant les conditions suivantes&nbsp;: Moto\/scooter 125 cm3 : Motocyclette l\u00e9g\u00e8re, manuelle ou automatique, et scooter de 50 \u00e0 125 cm3. 2 conditions obligatoires : V\u00e9hicule trois-roues : Tricycle \u00e0 moteur, cat\u00e9gorie L5e, sup\u00e9rieur \u00e0 50 cm3. 2 conditions obligatoires : En cas de contr\u00f4le, il [&hellip;]<\/p>\n","protected":false},"author":4,"featured_media":0,"parent":0,"menu_order":0,"comment_status":"closed","ping_status":"closed","template":"","meta":{"footnotes":""},"_links":{"self":[{"href":"https:\/\/auto-ecole-loiret.com\/index.php?rest_route=\/wp\/v2\/pages\/918"}],"collection":[{"href":"https:\/\/auto-ecole-loiret.com\/index.php?rest_route=\/wp\/v2\/pages"}],"about":[{"href":"https:\/\/auto-ecole-loiret.com\/index.php?rest_route=\/wp\/v2\/types\/page"}],"author":[{"embeddable":true,"href":"https:\/\/auto-ecole-loiret.com\/index.php?rest_route=\/wp\/v2\/users\/4"}],"replies":[{"embeddable":true,"href":"https:\/\/auto-ecole-loiret.com\/index.php?rest_route=%2Fwp%2Fv2%2Fcomments&post=918"}],"version-history":[{"count":10,"href":"https:\/\/auto-ecole-loiret.com\/index.php?rest_route=\/wp\/v2\/pages\/918\/revisions"}],"predecessor-version":[{"id":1189,"href":"https:\/\/auto-ecole-loiret.com\/index.php?rest_route=\/wp\/v2\/pages\/918\/revisions\/1189"}],"wp:attachment":[{"href":"https:\/\/auto-ecole-loiret.com\/index.php?rest_route=%2Fwp%2Fv2%2Fmedia&parent=918"}],"curies":[{"name":"wp","href":"https:\/\/api.w.org\/{rel}","templated":true}]}}