{"id":93,"date":"2018-05-17T14:19:51","date_gmt":"2018-05-17T12:19:51","guid":{"rendered":"http:\/\/localhost\/wordpress\/?page_id=93"},"modified":"2025-09-12T14:47:24","modified_gmt":"2025-09-12T14:47:24","slug":"conduite-accompagnee-2","status":"publish","type":"page","link":"https:\/\/auto-ecole-loiret.com\/?page_id=93","title":{"rendered":"Conduite accompagn\u00e9e"},"content":{"rendered":"<p>L&rsquo;apprentissage anticip\u00e9 de la conduite, AAC ou conduite accompagn\u00e9e est une formation fran\u00e7aise visant \u00e0 faciliter l\u2019apprentissage de la conduite\u00a0 automobile \u00e0 partir de 15 ans en vue de l&rsquo;obtention du permis de conduire. La formation se d\u00e9roule en trois \u00e9tapes : la formation initiale, la p\u00e9riode de conduite accompagn\u00e9e et la pr\u00e9sentation \u00e0 l&rsquo;examen pratique du permis de conduire. La phase de conduite accompagn\u00e9e \u00e0 une dur\u00e9e minimale d&rsquo;un an et une distance minimale de 3000 km. La conduite doit s\u2019effectuer sur des parcours vari\u00e9s (agglom\u00e9ration, route, autoroute, montagne&#8230;), restreinte au territoire national fran\u00e7ais uniquement. Durant la p\u00e9riode de conduite accompagn\u00e9e, des rendez-vous p\u00e9dagogiques entre le responsable de la formation et l&rsquo;\u00e9l\u00e8ve et ses accompagnateurs sont organis\u00e9s afin de confirmer, corriger et conseiller les \u00e9l\u00e8ves et leurs accompagnateurs.<\/p>\n<h3><strong>Le Code ou Epreuve Th\u00e9orique G\u00e9n\u00e9rale\u2026<\/strong><\/h3>\n<p>Imm\u00e9diatement apr\u00e8s votre inscription dans notre auto-\u00e9cole, vous allez vous consacrer \u00e0 l\u2019apprentissage du code de la route, afin de pouvoir vous pr\u00e9senter \u00e0 l\u2019examen et de le passer avec succ\u00e8s, c\u2019est-\u00e0-dire avec un score inf\u00e9rieur ou \u00e9gal \u00e0 5 fautes sur 40.<br \/>Notre forfait cours de code illimit\u00e9s vous permet l\u2019apprentissage de la r\u00e9glementation routi\u00e8re et des comportements par le biais de cours sp\u00e9cifiques destin\u00e9s \u00e0 vous faire ma\u00eetriser les diff\u00e9rents points<br \/>qu\u2019il est essentiel de conna\u00eetre (signalisation, priorit\u00e9s, croisements et d\u00e9passements, conduite sur autoroute, v\u00e9hicule et conducteur\u2026) et de vous entra\u00eener sur des s\u00e9ries type examen de 40 questions avec correction p\u00e9dagogique et des s\u00e9ries th\u00e9matiques de 20 questions (stationnements, visibilit\u00e9 et \u00e9clairage, r\u00e8gles de circulation, notions pratiques\u2026), sp\u00e9cifiquement cibl\u00e9es pour vous permettre d\u2019am\u00e9liorer vos points faibles.<\/p>\n<h3><strong>La pratique\u2026<\/strong><\/h3>\n<p>Pour apprendre \u00e0 ma\u00eetriser un v\u00e9hicule, vous allez suivre un nombre minimum obligatoire de le\u00e7ons de conduite pour atteindre un niveau suffisant et valider les 4 \u00e9tapes de votre programme de formation \u00e0 la conduite automobile.<br \/>Le nombre MINIMUM obligatoire de ces le\u00e7ons est de 20 heures pratiques, toutefois la dur\u00e9e de votre formation d\u00e9pend :<br \/>\u2013 de l\u2019\u00e9valuation de d\u00e9part obligatoire qui indique le volume pr\u00e9visionnel et personnalis\u00e9 de votre formation,<br \/>\u2013 du temps d\u2019apprentissage n\u00e9cessaire pour valider l\u2019ENSEMBLE des objectifs des 4 \u00e9tapes du programme de formation REMC.<br \/>Quand ce niveau est atteint, vous serez pr\u00e9sent\u00e9 \u00e0 l\u2019examen du permis de conduire.<br \/>Toutes les le\u00e7ons de conduite se d\u00e9roulent \u00e0 bord du v\u00e9hicule \u00e9cole et ce, d\u00e8s la premi\u00e8re heure. Le programme suivi ensuite est celui d\u00e9taill\u00e9 dans le programme de formation REMC.<br \/>Une p\u00e9dagogie ad\u00e9quate est appliqu\u00e9e par nos moniteurs, afin de permettre aux \u00e9l\u00e8ves d\u2019acqu\u00e9rir les connaissances n\u00e9cessaires (savoir-faire et savoir-\u00eatre) le plus facilement possible.<br \/>La formation se d\u00e9compose en 4 \u00e9tapes d\u00e9finies par des objectifs \u00e0 atteindre :<br \/>1. L\u2019objectif principal est le savoir-faire (ma\u00eetrise du v\u00e9hicule \u00e0 allure lente, installation, d\u00e9part, arr\u00eat, ralentissement du v\u00e9hicule en utilisant toutes les commandes). L\u2019ouverture du regard sera travaill\u00e9e pour ma\u00eetriser l\u2019environnement, gr\u00e2ce \u00e0 l\u2019apprentissage d\u2019une vision lointaine sur<br \/>l\u2019avant, l\u2019arri\u00e8re et les c\u00f4t\u00e9s du v\u00e9hicule.<br \/>2. Les objectifs principaux sont le savoir-faire et le savoir-\u00eatre (savoir se positionner sur la chauss\u00e9e, savoir rechercher des indices formels \u2013 tels que les panneaux \u2013 et informels, respecter les distances de s\u00e9curit\u00e9, savoir franchir les diff\u00e9rents types d\u2019intersection et savoir changer de direction).<br \/>3. L\u2019objectif principal est le suivant : savoir circuler normalement sur route et en agglom\u00e9ration, conna\u00eetre les diff\u00e9rentes situations \u00e0 risques li\u00e9es \u00e0 la circulation, tout en ma\u00eetrisant son v\u00e9hicule et en respectant les autres.<br \/>4. L\u2019objectif principal est de savoir circuler en toutes situations (route, agglom\u00e9ration, autoroute) et de conna\u00eetre les risques particuliers. Il faut savoir s\u2019ins\u00e9rer, circuler, sortir des routes et de l\u2019autoroute \u00e0 fort trafic, adapter son allure, tenir compte des conditions particuli\u00e8res li\u00e9es \u00e0 une<br \/>faible adh\u00e9rence, aux conditions atmosph\u00e9riques et savoir r\u00e9agir en situations d\u2019urgence.<\/p>\n<hr \/>\n<h2>Pi\u00e8ces \u00e0 fournir \u00e0 l&rsquo;inscription :<\/h2>\n<ul>\n<li>Carte d&rsquo;identit\u00e9 (en cours de validit\u00e9) ou titre de s\u00e9jour pour \u00e9trangers<\/li>\n<li>Permis de conduire actuel (exemple : AM)<\/li>\n<li>Pour les mineurs : carte d&rsquo;identit\u00e9 du responsable l\u00e9gal et livret de famille si nom diff\u00e9rent<\/li>\n<li>Attestation de recensement (+16 ans)<\/li>\n<li>Attestation de la Journ\u00e9e D\u00e9fense et Citoyennet\u00e9 (+17 ans)<\/li>\n<li>ASSR 2<\/li>\n<li>2 photos d\u2019identit\u00e9s aux normes ANTS avec signature \u00e9lectronique<\/li>\n<li>Justificatif de domicile de moins de 6 mois (Facture t\u00e9l\u00e9phonique, EDF, GDF, quittance de loyer&#8230;)<\/li>\n<li>Attestation d&rsquo;h\u00e9bergement (document fourni par l&rsquo;auto-\u00e9cole)<\/li>\n<\/ul>\n<hr \/>\n<h2>Forfait AAC :\u00a0 \u00a0 \u00a01 890 \u20ac<\/h2>\n<h5>(Base minimale obligatoire)<\/h5>\n<ul>\n<li>Frais d&rsquo;inscription<\/li>\n<li>Frais de gestion administrative<\/li>\n<li>Fournitures p\u00e9dagogiques (livre de code, livret d&rsquo;apprentissage d\u00e9mat\u00e9rialis\u00e9)<\/li>\n<li>Forfait code limit\u00e9 \u00e0 6 mois\n<ul>\n<li>cours de code th\u00e9matiques avec un moniteur dipl\u00f4m\u00e9<\/li>\n<li>s\u00e9ances de code type examen avec correction<\/li>\n<\/ul>\n<\/li>\n<li>20\u00a0 le\u00e7ons de conduite<\/li>\n<li>Rendez-vous pr\u00e9alable<\/li>\n<li>2 rendez-vous p\u00e9dagogiques<\/li>\n<li>Frais d&rsquo;accompagnement \u00e0 l&rsquo;examen pratique<\/li>\n<\/ul>\n\n\n<figure class=\"wp-block-image size-large\"><img loading=\"lazy\" decoding=\"async\" width=\"1024\" height=\"767\" src=\"https:\/\/auto-ecole-loiret.com\/wp-content\/uploads\/2022\/05\/R.7b351716d2642cb5718e0f54c328a56f-1024x767.jpg\" alt=\"\" class=\"wp-image-1104\" srcset=\"https:\/\/auto-ecole-loiret.com\/wp-content\/uploads\/2022\/05\/R.7b351716d2642cb5718e0f54c328a56f-1024x767.jpg 1024w, https:\/\/auto-ecole-loiret.com\/wp-content\/uploads\/2022\/05\/R.7b351716d2642cb5718e0f54c328a56f-300x225.jpg 300w, https:\/\/auto-ecole-loiret.com\/wp-content\/uploads\/2022\/05\/R.7b351716d2642cb5718e0f54c328a56f-768x575.jpg 768w, https:\/\/auto-ecole-loiret.com\/wp-content\/uploads\/2022\/05\/R.7b351716d2642cb5718e0f54c328a56f.jpg 1170w\" sizes=\"(max-width: 1024px) 100vw, 1024px\" \/><\/figure>\n","protected":false},"excerpt":{"rendered":"<p>L&rsquo;apprentissage anticip\u00e9 de la conduite, AAC ou conduite accompagn\u00e9e est une formation fran\u00e7aise visant \u00e0 faciliter l\u2019apprentissage de la conduite\u00a0 automobile \u00e0 partir de 15 ans en vue de l&rsquo;obtention du permis de conduire. La formation se d\u00e9roule en trois \u00e9tapes : la formation initiale, la p\u00e9riode de conduite accompagn\u00e9e et la pr\u00e9sentation \u00e0 l&rsquo;examen [&hellip;]<\/p>\n","protected":false},"author":4,"featured_media":0,"parent":0,"menu_order":0,"comment_status":"closed","ping_status":"closed","template":"","meta":{"footnotes":""},"_links":{"self":[{"href":"https:\/\/auto-ecole-loiret.com\/index.php?rest_route=\/wp\/v2\/pages\/93"}],"collection":[{"href":"https:\/\/auto-ecole-loiret.com\/index.php?rest_route=\/wp\/v2\/pages"}],"about":[{"href":"https:\/\/auto-ecole-loiret.com\/index.php?rest_route=\/wp\/v2\/types\/page"}],"author":[{"embeddable":true,"href":"https:\/\/auto-ecole-loiret.com\/index.php?rest_route=\/wp\/v2\/users\/4"}],"replies":[{"embeddable":true,"href":"https:\/\/auto-ecole-loiret.com\/index.php?rest_route=%2Fwp%2Fv2%2Fcomments&post=93"}],"version-history":[{"count":30,"href":"https:\/\/auto-ecole-loiret.com\/index.php?rest_route=\/wp\/v2\/pages\/93\/revisions"}],"predecessor-version":[{"id":1197,"href":"https:\/\/auto-ecole-loiret.com\/index.php?rest_route=\/wp\/v2\/pages\/93\/revisions\/1197"}],"wp:attachment":[{"href":"https:\/\/auto-ecole-loiret.com\/index.php?rest_route=%2Fwp%2Fv2%2Fmedia&parent=93"}],"curies":[{"name":"wp","href":"https:\/\/api.w.org\/{rel}","templated":true}]}}