{"id":937,"date":"2019-06-06T15:58:00","date_gmt":"2019-06-06T15:58:00","guid":{"rendered":"https:\/\/auto-ecole-loiret.com\/?page_id=937"},"modified":"2025-09-12T14:51:45","modified_gmt":"2025-09-12T14:51:45","slug":"permis-boite-automatique-sans-code","status":"publish","type":"page","link":"https:\/\/auto-ecole-loiret.com\/?page_id=937","title":{"rendered":"Permis Bo\u00eete Automatique (sans code)"},"content":{"rendered":"\n<p>La formation au Permis B Bo\u00eete Automatique s\u2019adresse \u00e0 tous ceux souhaitant conduire une voiture bo\u00eete automatique, que ce soit un choix personnel ou li\u00e9 \u00e0 des difficult\u00e9s \u00e0 manier une bo\u00eete de vitesse manuelle. Elle permet de conduire uniquement des v\u00e9hicules \u00e9quip\u00e9s d\u2019une boite de vitesse automatique et\/ou manuelle (ex : bo\u00eete s\u00e9quentielle) et d\u2019un embrayage automatique.<\/p>\n\n\n\n<p>Comme le permis B, il permet la conduite de :<\/p>\n\n\n\n<ul>\n<li>v\u00e9hicules dont le PTAC est inf\u00e9rieur ou \u00e9gal \u00e0 3,5 tonnes, pouvant \u00eatre affect\u00e9 au transport des personnes ou des marchandises<\/li>\n\n\n\n<li>v\u00e9hicules pouvant comporter neuf places assises au plus (si\u00e8ge du conducteur compris<\/li>\n<\/ul>\n\n\n\n<p>Conditions requises :<\/p>\n\n\n\n<ul>\n<li>avoir minimum 17 ans<\/li>\n\n\n\n<li>\u00eatre titulaire de l\u2019ASSR2 ou de l\u2019ASR<\/li>\n<\/ul>\n\n\n\n<p>La formation est accessible apr\u00e8s la r\u00e9ussite \u00e0 l\u2019examen du Code de la route. Elle se compose de 13h minimum de formation pratique avec nos moniteurs selon l\u2019\u00e9valuation initiale qui aura \u00e9t\u00e9 faite.<\/p>\n\n\n\n<h3 class=\"wp-block-heading\">La pratique\u2026<\/h3>\n\n\n\n<p>Pour apprendre \u00e0 ma\u00eetriser un v\u00e9hicule, vous allez suivre un nombre minimum obligatoire de le\u00e7ons de conduite pour atteindre un niveau suffisant et valider les 4 \u00e9tapes de votre programme de formation \u00e0 la conduite automobile.<br>Le nombre MINIMUM obligatoire de ces le\u00e7ons est de 13 heures pratique, toutefois la dur\u00e9e de votre formation d\u00e9pend :<br>\u2013 de l\u2019\u00e9valuation de d\u00e9part obligatoire qui indique le volume pr\u00e9visionnel et personnalis\u00e9 de votre formation,<br>\u2013 du temps d\u2019apprentissage n\u00e9cessaire pour valider l\u2019ENSEMBLE des objectifs des 4 \u00e9tapes du programme de formation REMC.<br>Quand ce niveau est atteint, vous serez pr\u00e9sent\u00e9 \u00e0 l\u2019examen du permis de conduire.<br>Toutes les le\u00e7ons de conduite se d\u00e9roulent \u00e0 bord du v\u00e9hicule \u00e9cole et ce, d\u00e8s la premi\u00e8re heure. Le programme suivi ensuite est celui d\u00e9taill\u00e9 dans le programme de formation REMC.<br>Une p\u00e9dagogie ad\u00e9quate est appliqu\u00e9e par nos moniteurs, afin de permettre aux \u00e9l\u00e8ves d\u2019acqu\u00e9rir les connaissances n\u00e9cessaires (savoir-faire et savoir-\u00eatre) le plus facilement possible.<br>La formation se d\u00e9compose en 4 \u00e9tapes d\u00e9finies par des objectifs \u00e0 atteindre :<br>1. L\u2019objectif principal est le savoir-faire (ma\u00eetrise du v\u00e9hicule \u00e0 allure lente, installation, d\u00e9part, arr\u00eat, ralentissement du v\u00e9hicule en utilisant toutes les commandes). L\u2019ouverture du regard sera travaill\u00e9e pour ma\u00eetriser l\u2019environnement, gr\u00e2ce \u00e0 l\u2019apprentissage d\u2019une vision lointaine sur<br>l\u2019avant, l\u2019arri\u00e8re et les c\u00f4t\u00e9s du v\u00e9hicule.<br>2. Les objectifs principaux sont le savoir-faire et le savoir-\u00eatre (savoir se positionner sur la chauss\u00e9e, savoir rechercher des indices formels \u2013 tels que les panneaux \u2013 et informels, respecter les distances de s\u00e9curit\u00e9, savoir franchir les diff\u00e9rents types d\u2019intersection et savoir changer de direction).<br>3. L\u2019objectif principal est le suivant : savoir circuler normalement sur route et en agglom\u00e9ration, conna\u00eetre les diff\u00e9rentes situations \u00e0 risques li\u00e9es \u00e0 la circulation, tout en ma\u00eetrisant son v\u00e9hicule et en respectant les autres.<br>4. L\u2019objectif principal est de savoir circuler en toutes situations (route, agglom\u00e9ration, autoroute) et de conna\u00eetre les risques particuliers. Il faut savoir s\u2019ins\u00e9rer, circuler, sortir des routes et de l\u2019autoroute \u00e0 fort trafic, adapter son allure, tenir compte des conditions particuli\u00e8res li\u00e9es \u00e0 une<br>faible adh\u00e9rence, aux conditions atmosph\u00e9riques et savoir r\u00e9agir en situations d\u2019urgence.<\/p>\n\n\n\n<hr class=\"wp-block-separator has-css-opacity\"\/>\n\n\n\n<h2 class=\"wp-block-heading\">Pi\u00e8ces \u00e0 fournir \u00e0 l\u2019inscription :<\/h2>\n\n\n\n<ul>\n<li>Carte d\u2019identit\u00e9 (en cours de validit\u00e9) ou titre de s\u00e9jour pour \u00e9trangers<\/li>\n\n\n\n<li>Pour les mineurs : carte d\u2019identit\u00e9 du responsable l\u00e9gal et livret de famille si nom diff\u00e9rent<\/li>\n\n\n\n<li>Attestation de recensement (+16 ans)<\/li>\n\n\n\n<li>Attestation de la Journ\u00e9e D\u00e9fense et Citoyennet\u00e9 (+17 ans)<\/li>\n\n\n\n<li>ASSR 2<\/li>\n\n\n\n<li>2 photos d\u2019identit\u00e9s aux normes ANTS avec signature \u00e9lectronique<\/li>\n\n\n\n<li>Justificatif de domicile de moins de 6 mois (Facture t\u00e9l\u00e9phonique, EDF, GDF, quittance de loyer\u2026)<\/li>\n\n\n\n<li>Attestation d\u2019h\u00e9bergement (document fourni par l\u2019auto-\u00e9cole)<\/li>\n<\/ul>\n\n\n\n<hr class=\"wp-block-separator has-css-opacity\"\/>\n\n\n\n<p><\/p>\n\n\n\n<h2 class=\"wp-block-heading\">Forfait permis B Boite Auto sans code:\u00a0 \u00a0 1 105 \u20ac <\/h2>\n\n\n\n<p>(base minimale obligatoire)<\/p>\n\n\n\n<ul>\n<li>Frais d\u2019inscription<\/li>\n\n\n\n<li>Frais de gestion administrative<\/li>\n\n\n\n<li>Fournitures p\u00e9dagogiques <\/li>\n\n\n\n<li>13  le\u00e7ons de conduite<\/li>\n\n\n\n<li>Frais d\u2019accompagnement \u00e0 l\u2019examen pratique<\/li>\n<\/ul>\n\n\n\n<p><a href=\"https:\/\/auto-ecole-loiret.com\/wp-admin\/post.php?post=936&amp;action=edit\">Edit<\/a><\/p>\n","protected":false},"excerpt":{"rendered":"<p>La formation au Permis B Bo\u00eete Automatique s\u2019adresse \u00e0 tous ceux souhaitant conduire une voiture bo\u00eete automatique, que ce soit un choix personnel ou li\u00e9 \u00e0 des difficult\u00e9s \u00e0 manier une bo\u00eete de vitesse manuelle. Elle permet de conduire uniquement des v\u00e9hicules \u00e9quip\u00e9s d\u2019une boite de vitesse automatique et\/ou manuelle (ex : bo\u00eete s\u00e9quentielle) et [&hellip;]<\/p>\n","protected":false},"author":3,"featured_media":0,"parent":0,"menu_order":0,"comment_status":"closed","ping_status":"closed","template":"","meta":{"footnotes":""},"_links":{"self":[{"href":"https:\/\/auto-ecole-loiret.com\/index.php?rest_route=\/wp\/v2\/pages\/937"}],"collection":[{"href":"https:\/\/auto-ecole-loiret.com\/index.php?rest_route=\/wp\/v2\/pages"}],"about":[{"href":"https:\/\/auto-ecole-loiret.com\/index.php?rest_route=\/wp\/v2\/types\/page"}],"author":[{"embeddable":true,"href":"https:\/\/auto-ecole-loiret.com\/index.php?rest_route=\/wp\/v2\/users\/3"}],"replies":[{"embeddable":true,"href":"https:\/\/auto-ecole-loiret.com\/index.php?rest_route=%2Fwp%2Fv2%2Fcomments&post=937"}],"version-history":[{"count":13,"href":"https:\/\/auto-ecole-loiret.com\/index.php?rest_route=\/wp\/v2\/pages\/937\/revisions"}],"predecessor-version":[{"id":1202,"href":"https:\/\/auto-ecole-loiret.com\/index.php?rest_route=\/wp\/v2\/pages\/937\/revisions\/1202"}],"wp:attachment":[{"href":"https:\/\/auto-ecole-loiret.com\/index.php?rest_route=%2Fwp%2Fv2%2Fmedia&parent=937"}],"curies":[{"name":"wp","href":"https:\/\/api.w.org\/{rel}","templated":true}]}}